{"id":4237,"date":"2026-03-11T10:44:50","date_gmt":"2026-03-11T07:44:50","guid":{"rendered":"https:\/\/shop.msomuseum.com\/?post_type=product&#038;p=4237"},"modified":"2026-03-11T11:12:22","modified_gmt":"2026-03-11T08:12:22","slug":"pec-yeni-kulup-logolu","status":"publish","type":"product","link":"https:\/\/shop.msomuseum.com\/en\/product\/pec-yeni-kulup-logolu\/","title":{"rendered":"PE\u00c7- YEN\u0130 KUL\u00dcP LOGOLU"},"content":{"rendered":"<p><a href=\"https:\/\/shop.msomuseum.com\/wp-content\/uploads\/2026\/03\/IMG_3805-scaled.jpg\"><img loading=\"lazy\" decoding=\"async\" class=\"alignnone size-medium wp-image-4238\" src=\"https:\/\/shop.msomuseum.com\/wp-content\/uploads\/2026\/03\/IMG_3805-225x300.jpg\" alt=\"\" width=\"225\" height=\"300\" srcset=\"https:\/\/shop.msomuseum.com\/wp-content\/uploads\/2026\/03\/IMG_3805-225x300.jpg 225w, https:\/\/shop.msomuseum.com\/wp-content\/uploads\/2026\/03\/IMG_3805-768x1024.jpg 768w, https:\/\/shop.msomuseum.com\/wp-content\/uploads\/2026\/03\/IMG_3805-1152x1536.jpg 1152w, https:\/\/shop.msomuseum.com\/wp-content\/uploads\/2026\/03\/IMG_3805-1536x2048.jpg 1536w, https:\/\/shop.msomuseum.com\/wp-content\/uploads\/2026\/03\/IMG_3805-9x12.jpg 9w, https:\/\/shop.msomuseum.com\/wp-content\/uploads\/2026\/03\/IMG_3805-1170x1560.jpg 1170w, https:\/\/shop.msomuseum.com\/wp-content\/uploads\/2026\/03\/IMG_3805-600x800.jpg 600w, https:\/\/shop.msomuseum.com\/wp-content\/uploads\/2026\/03\/IMG_3805-150x200.jpg 150w, https:\/\/shop.msomuseum.com\/wp-content\/uploads\/2026\/03\/IMG_3805-scaled.jpg 1920w\" sizes=\"(max-width: 225px) 100vw, 225px\" \/><\/a><\/p>","protected":false},"excerpt":{"rendered":"<ul>\n<li>Yeni kul\u00fcp Logolu Pe\u00e7<\/li>\n<li>10&#215;10<\/li>\n<li>Can stick on Velcro<\/li>\n<\/ul>","protected":false},"featured_media":4238,"comment_status":"open","ping_status":"closed","template":"","meta":[],"product_brand":[],"product_cat":[64],"product_tag":[],"class_list":{"0":"post-4237","1":"product","2":"type-product","3":"status-publish","4":"has-post-thumbnail","6":"product_cat-pec","8":"first","9":"instock","10":"shipping-taxable","11":"purchasable","12":"product-type-simple"},"_links":{"self":[{"href":"https:\/\/shop.msomuseum.com\/en\/wp-json\/wp\/v2\/product\/4237"}],"collection":[{"href":"https:\/\/shop.msomuseum.com\/en\/wp-json\/wp\/v2\/product"}],"about":[{"href":"https:\/\/shop.msomuseum.com\/en\/wp-json\/wp\/v2\/types\/product"}],"replies":[{"embeddable":true,"href":"https:\/\/shop.msomuseum.com\/en\/wp-json\/wp\/v2\/comments?post=4237"}],"wp:featuredmedia":[{"embeddable":true,"href":"https:\/\/shop.msomuseum.com\/en\/wp-json\/wp\/v2\/media\/4238"}],"wp:attachment":[{"href":"https:\/\/shop.msomuseum.com\/en\/wp-json\/wp\/v2\/media?parent=4237"}],"wp:term":[{"taxonomy":"product_brand","embeddable":true,"href":"https:\/\/shop.msomuseum.com\/en\/wp-json\/wp\/v2\/product_brand?post=4237"},{"taxonomy":"product_cat","embeddable":true,"href":"https:\/\/shop.msomuseum.com\/en\/wp-json\/wp\/v2\/product_cat?post=4237"},{"taxonomy":"product_tag","embeddable":true,"href":"https:\/\/shop.msomuseum.com\/en\/wp-json\/wp\/v2\/product_tag?post=4237"}],"curies":[{"name":"wp","href":"https:\/\/api.w.org\/{rel}","templated":true}]}}