{"id":4052,"date":"2025-10-28T17:53:49","date_gmt":"2025-10-28T14:53:49","guid":{"rendered":"https:\/\/shop.msomuseum.com\/?post_type=product&#038;p=4052"},"modified":"2026-04-02T10:52:33","modified_gmt":"2026-04-02T07:52:33","slug":"geri-donusumlu-logolu-tukenmez-kalem","status":"publish","type":"product","link":"https:\/\/shop.msomuseum.com\/en\/product\/geri-donusumlu-logolu-tukenmez-kalem\/","title":{"rendered":"GERI D\u00d6N\u00dc\u015e\u00dcML\u00dc LOGOLU T\u00dcKENMEZ KALEM"},"content":{"rendered":"<p><a href=\"https:\/\/shop.msomuseum.com\/wp-content\/uploads\/2025\/10\/IMG_E0499-scaled.jpg\"><img loading=\"lazy\" decoding=\"async\" class=\"alignnone size-medium wp-image-4046\" src=\"https:\/\/shop.msomuseum.com\/wp-content\/uploads\/2025\/10\/IMG_E0499-225x300.jpg\" alt=\"\" width=\"225\" height=\"300\" srcset=\"https:\/\/shop.msomuseum.com\/wp-content\/uploads\/2025\/10\/IMG_E0499-225x300.jpg 225w, https:\/\/shop.msomuseum.com\/wp-content\/uploads\/2025\/10\/IMG_E0499-768x1024.jpg 768w, https:\/\/shop.msomuseum.com\/wp-content\/uploads\/2025\/10\/IMG_E0499-1152x1536.jpg 1152w, https:\/\/shop.msomuseum.com\/wp-content\/uploads\/2025\/10\/IMG_E0499-1536x2048.jpg 1536w, https:\/\/shop.msomuseum.com\/wp-content\/uploads\/2025\/10\/IMG_E0499-9x12.jpg 9w, https:\/\/shop.msomuseum.com\/wp-content\/uploads\/2025\/10\/IMG_E0499-1170x1560.jpg 1170w, https:\/\/shop.msomuseum.com\/wp-content\/uploads\/2025\/10\/IMG_E0499-600x800.jpg 600w, https:\/\/shop.msomuseum.com\/wp-content\/uploads\/2025\/10\/IMG_E0499-150x200.jpg 150w, https:\/\/shop.msomuseum.com\/wp-content\/uploads\/2025\/10\/IMG_E0499-scaled.jpg 1920w\" sizes=\"(max-width: 225px) 100vw, 225px\" \/><\/a> <a href=\"https:\/\/shop.msomuseum.com\/wp-content\/uploads\/2025\/10\/IMG_E0502-scaled.jpg\"><img loading=\"lazy\" decoding=\"async\" class=\"alignnone size-medium wp-image-4047\" src=\"https:\/\/shop.msomuseum.com\/wp-content\/uploads\/2025\/10\/IMG_E0502-225x300.jpg\" alt=\"\" width=\"225\" height=\"300\" srcset=\"https:\/\/shop.msomuseum.com\/wp-content\/uploads\/2025\/10\/IMG_E0502-225x300.jpg 225w, https:\/\/shop.msomuseum.com\/wp-content\/uploads\/2025\/10\/IMG_E0502-768x1024.jpg 768w, https:\/\/shop.msomuseum.com\/wp-content\/uploads\/2025\/10\/IMG_E0502-1152x1536.jpg 1152w, https:\/\/shop.msomuseum.com\/wp-content\/uploads\/2025\/10\/IMG_E0502-1536x2048.jpg 1536w, https:\/\/shop.msomuseum.com\/wp-content\/uploads\/2025\/10\/IMG_E0502-9x12.jpg 9w, https:\/\/shop.msomuseum.com\/wp-content\/uploads\/2025\/10\/IMG_E0502-1170x1560.jpg 1170w, https:\/\/shop.msomuseum.com\/wp-content\/uploads\/2025\/10\/IMG_E0502-600x800.jpg 600w, https:\/\/shop.msomuseum.com\/wp-content\/uploads\/2025\/10\/IMG_E0502-150x200.jpg 150w, https:\/\/shop.msomuseum.com\/wp-content\/uploads\/2025\/10\/IMG_E0502-scaled.jpg 1920w\" sizes=\"(max-width: 225px) 100vw, 225px\" \/><\/a><\/p>","protected":false},"excerpt":{"rendered":"","protected":false},"featured_media":4046,"comment_status":"open","ping_status":"closed","template":"","meta":[],"product_brand":[],"product_cat":[86],"product_tag":[],"class_list":{"0":"post-4052","1":"product","2":"type-product","3":"status-publish","4":"has-post-thumbnail","6":"product_cat-defter","8":"first","9":"instock","10":"shipping-taxable","11":"purchasable","12":"product-type-simple"},"_links":{"self":[{"href":"https:\/\/shop.msomuseum.com\/en\/wp-json\/wp\/v2\/product\/4052"}],"collection":[{"href":"https:\/\/shop.msomuseum.com\/en\/wp-json\/wp\/v2\/product"}],"about":[{"href":"https:\/\/shop.msomuseum.com\/en\/wp-json\/wp\/v2\/types\/product"}],"replies":[{"embeddable":true,"href":"https:\/\/shop.msomuseum.com\/en\/wp-json\/wp\/v2\/comments?post=4052"}],"wp:featuredmedia":[{"embeddable":true,"href":"https:\/\/shop.msomuseum.com\/en\/wp-json\/wp\/v2\/media\/4046"}],"wp:attachment":[{"href":"https:\/\/shop.msomuseum.com\/en\/wp-json\/wp\/v2\/media?parent=4052"}],"wp:term":[{"taxonomy":"product_brand","embeddable":true,"href":"https:\/\/shop.msomuseum.com\/en\/wp-json\/wp\/v2\/product_brand?post=4052"},{"taxonomy":"product_cat","embeddable":true,"href":"https:\/\/shop.msomuseum.com\/en\/wp-json\/wp\/v2\/product_cat?post=4052"},{"taxonomy":"product_tag","embeddable":true,"href":"https:\/\/shop.msomuseum.com\/en\/wp-json\/wp\/v2\/product_tag?post=4052"}],"curies":[{"name":"wp","href":"https:\/\/api.w.org\/{rel}","templated":true}]}}