{"id":4049,"date":"2025-10-28T17:46:50","date_gmt":"2025-10-28T14:46:50","guid":{"rendered":"https:\/\/shop.msomuseum.com\/?post_type=product&#038;p=4049"},"modified":"2026-04-02T11:04:37","modified_gmt":"2026-04-02T08:04:37","slug":"yeni-menekse-suet-lilasapka","status":"publish","type":"product","link":"https:\/\/shop.msomuseum.com\/en\/product\/yeni-menekse-suet-lilasapka\/","title":{"rendered":"YEN\u0130 MENEK\u015eE S\u00dcET L\u0130LA \u015eAPKA"},"content":{"rendered":"<p><a href=\"https:\/\/shop.msomuseum.com\/wp-content\/uploads\/2025\/10\/IMG_0387-scaled.jpg\"><img loading=\"lazy\" decoding=\"async\" class=\"alignnone size-medium wp-image-4041\" src=\"https:\/\/shop.msomuseum.com\/wp-content\/uploads\/2025\/10\/IMG_0387-225x300.jpg\" alt=\"\" width=\"225\" height=\"300\" srcset=\"https:\/\/shop.msomuseum.com\/wp-content\/uploads\/2025\/10\/IMG_0387-225x300.jpg 225w, https:\/\/shop.msomuseum.com\/wp-content\/uploads\/2025\/10\/IMG_0387-768x1024.jpg 768w, https:\/\/shop.msomuseum.com\/wp-content\/uploads\/2025\/10\/IMG_0387-1152x1536.jpg 1152w, https:\/\/shop.msomuseum.com\/wp-content\/uploads\/2025\/10\/IMG_0387-1536x2048.jpg 1536w, https:\/\/shop.msomuseum.com\/wp-content\/uploads\/2025\/10\/IMG_0387-9x12.jpg 9w, https:\/\/shop.msomuseum.com\/wp-content\/uploads\/2025\/10\/IMG_0387-1170x1560.jpg 1170w, https:\/\/shop.msomuseum.com\/wp-content\/uploads\/2025\/10\/IMG_0387-600x800.jpg 600w, https:\/\/shop.msomuseum.com\/wp-content\/uploads\/2025\/10\/IMG_0387-150x200.jpg 150w, https:\/\/shop.msomuseum.com\/wp-content\/uploads\/2025\/10\/IMG_0387-scaled.jpg 1920w\" sizes=\"(max-width: 225px) 100vw, 225px\" \/><\/a> <a href=\"https:\/\/shop.msomuseum.com\/wp-content\/uploads\/2025\/10\/DSC05526-scaled.jpg\"><img loading=\"lazy\" decoding=\"async\" class=\"alignnone size-medium wp-image-4262\" src=\"https:\/\/shop.msomuseum.com\/wp-content\/uploads\/2025\/10\/DSC05526-300x200.jpg\" alt=\"\" width=\"300\" height=\"200\" srcset=\"https:\/\/shop.msomuseum.com\/wp-content\/uploads\/2025\/10\/DSC05526-300x200.jpg 300w, https:\/\/shop.msomuseum.com\/wp-content\/uploads\/2025\/10\/DSC05526-1024x683.jpg 1024w, https:\/\/shop.msomuseum.com\/wp-content\/uploads\/2025\/10\/DSC05526-768x512.jpg 768w, https:\/\/shop.msomuseum.com\/wp-content\/uploads\/2025\/10\/DSC05526-1536x1024.jpg 1536w, https:\/\/shop.msomuseum.com\/wp-content\/uploads\/2025\/10\/DSC05526-2048x1365.jpg 2048w, https:\/\/shop.msomuseum.com\/wp-content\/uploads\/2025\/10\/DSC05526-18x12.jpg 18w, https:\/\/shop.msomuseum.com\/wp-content\/uploads\/2025\/10\/DSC05526-1170x780.jpg 1170w, https:\/\/shop.msomuseum.com\/wp-content\/uploads\/2025\/10\/DSC05526-600x400.jpg 600w\" sizes=\"(max-width: 300px) 100vw, 300px\" \/><\/a> <a href=\"https:\/\/shop.msomuseum.com\/wp-content\/uploads\/2025\/10\/IMG_0392-scaled.jpg\"><img loading=\"lazy\" decoding=\"async\" class=\"alignnone size-medium wp-image-4043\" src=\"https:\/\/shop.msomuseum.com\/wp-content\/uploads\/2025\/10\/IMG_0392-225x300.jpg\" alt=\"\" width=\"225\" height=\"300\" srcset=\"https:\/\/shop.msomuseum.com\/wp-content\/uploads\/2025\/10\/IMG_0392-225x300.jpg 225w, https:\/\/shop.msomuseum.com\/wp-content\/uploads\/2025\/10\/IMG_0392-768x1024.jpg 768w, https:\/\/shop.msomuseum.com\/wp-content\/uploads\/2025\/10\/IMG_0392-1152x1536.jpg 1152w, https:\/\/shop.msomuseum.com\/wp-content\/uploads\/2025\/10\/IMG_0392-1536x2048.jpg 1536w, https:\/\/shop.msomuseum.com\/wp-content\/uploads\/2025\/10\/IMG_0392-9x12.jpg 9w, https:\/\/shop.msomuseum.com\/wp-content\/uploads\/2025\/10\/IMG_0392-1170x1560.jpg 1170w, https:\/\/shop.msomuseum.com\/wp-content\/uploads\/2025\/10\/IMG_0392-600x800.jpg 600w, https:\/\/shop.msomuseum.com\/wp-content\/uploads\/2025\/10\/IMG_0392-150x200.jpg 150w, https:\/\/shop.msomuseum.com\/wp-content\/uploads\/2025\/10\/IMG_0392-scaled.jpg 1920w\" sizes=\"(max-width: 225px) 100vw, 225px\" \/><\/a><\/p>","protected":false},"excerpt":{"rendered":"","protected":false},"featured_media":4041,"comment_status":"open","ping_status":"closed","template":"","meta":[],"product_brand":[],"product_cat":[63],"product_tag":[],"class_list":{"0":"post-4049","1":"product","2":"type-product","3":"status-publish","4":"has-post-thumbnail","6":"product_cat-sapka","8":"first","9":"instock","10":"shipping-taxable","11":"purchasable","12":"product-type-simple"},"_links":{"self":[{"href":"https:\/\/shop.msomuseum.com\/en\/wp-json\/wp\/v2\/product\/4049"}],"collection":[{"href":"https:\/\/shop.msomuseum.com\/en\/wp-json\/wp\/v2\/product"}],"about":[{"href":"https:\/\/shop.msomuseum.com\/en\/wp-json\/wp\/v2\/types\/product"}],"replies":[{"embeddable":true,"href":"https:\/\/shop.msomuseum.com\/en\/wp-json\/wp\/v2\/comments?post=4049"}],"wp:featuredmedia":[{"embeddable":true,"href":"https:\/\/shop.msomuseum.com\/en\/wp-json\/wp\/v2\/media\/4041"}],"wp:attachment":[{"href":"https:\/\/shop.msomuseum.com\/en\/wp-json\/wp\/v2\/media?parent=4049"}],"wp:term":[{"taxonomy":"product_brand","embeddable":true,"href":"https:\/\/shop.msomuseum.com\/en\/wp-json\/wp\/v2\/product_brand?post=4049"},{"taxonomy":"product_cat","embeddable":true,"href":"https:\/\/shop.msomuseum.com\/en\/wp-json\/wp\/v2\/product_cat?post=4049"},{"taxonomy":"product_tag","embeddable":true,"href":"https:\/\/shop.msomuseum.com\/en\/wp-json\/wp\/v2\/product_tag?post=4049"}],"curies":[{"name":"wp","href":"https:\/\/api.w.org\/{rel}","templated":true}]}}