{"id":4002,"date":"2025-09-24T16:37:22","date_gmt":"2025-09-24T13:37:22","guid":{"rendered":"https:\/\/shop.msomuseum.com\/?post_type=product&#038;p=4002"},"modified":"2026-04-02T10:56:03","modified_gmt":"2026-04-02T07:56:03","slug":"yeni-menekse-nakis-anahtarlik","status":"publish","type":"product","link":"https:\/\/shop.msomuseum.com\/en\/product\/yeni-menekse-nakis-anahtarlik\/","title":{"rendered":"YEN\u0130 MENEK\u015eE NAKI\u015e ANAHTARLIK"},"content":{"rendered":"<p>13&#215;3,5 cm<\/p>\n<p>Nak\u0131\u015f<a href=\"https:\/\/shop.msomuseum.com\/wp-content\/uploads\/2025\/09\/DSC05553-scaled.jpg\"><img loading=\"lazy\" decoding=\"async\" class=\"alignnone size-medium wp-image-4260\" src=\"https:\/\/shop.msomuseum.com\/wp-content\/uploads\/2025\/09\/DSC05553-300x200.jpg\" alt=\"\" width=\"300\" height=\"200\" srcset=\"https:\/\/shop.msomuseum.com\/wp-content\/uploads\/2025\/09\/DSC05553-300x200.jpg 300w, https:\/\/shop.msomuseum.com\/wp-content\/uploads\/2025\/09\/DSC05553-1024x683.jpg 1024w, https:\/\/shop.msomuseum.com\/wp-content\/uploads\/2025\/09\/DSC05553-768x512.jpg 768w, https:\/\/shop.msomuseum.com\/wp-content\/uploads\/2025\/09\/DSC05553-1536x1024.jpg 1536w, https:\/\/shop.msomuseum.com\/wp-content\/uploads\/2025\/09\/DSC05553-2048x1365.jpg 2048w, https:\/\/shop.msomuseum.com\/wp-content\/uploads\/2025\/09\/DSC05553-18x12.jpg 18w, https:\/\/shop.msomuseum.com\/wp-content\/uploads\/2025\/09\/DSC05553-1170x780.jpg 1170w, https:\/\/shop.msomuseum.com\/wp-content\/uploads\/2025\/09\/DSC05553-600x400.jpg 600w\" sizes=\"(max-width: 300px) 100vw, 300px\" \/><\/a><\/p>","protected":false},"excerpt":{"rendered":"<p>13&#215;3,5 cm Nak\u0131\u015f<\/p>","protected":false},"featured_media":4260,"comment_status":"open","ping_status":"closed","template":"","meta":[],"product_brand":[],"product_cat":[88],"product_tag":[],"class_list":{"0":"post-4002","1":"product","2":"type-product","3":"status-publish","4":"has-post-thumbnail","6":"product_cat-anahtarlik","8":"first","9":"instock","10":"shipping-taxable","11":"purchasable","12":"product-type-simple"},"_links":{"self":[{"href":"https:\/\/shop.msomuseum.com\/en\/wp-json\/wp\/v2\/product\/4002"}],"collection":[{"href":"https:\/\/shop.msomuseum.com\/en\/wp-json\/wp\/v2\/product"}],"about":[{"href":"https:\/\/shop.msomuseum.com\/en\/wp-json\/wp\/v2\/types\/product"}],"replies":[{"embeddable":true,"href":"https:\/\/shop.msomuseum.com\/en\/wp-json\/wp\/v2\/comments?post=4002"}],"wp:featuredmedia":[{"embeddable":true,"href":"https:\/\/shop.msomuseum.com\/en\/wp-json\/wp\/v2\/media\/4260"}],"wp:attachment":[{"href":"https:\/\/shop.msomuseum.com\/en\/wp-json\/wp\/v2\/media?parent=4002"}],"wp:term":[{"taxonomy":"product_brand","embeddable":true,"href":"https:\/\/shop.msomuseum.com\/en\/wp-json\/wp\/v2\/product_brand?post=4002"},{"taxonomy":"product_cat","embeddable":true,"href":"https:\/\/shop.msomuseum.com\/en\/wp-json\/wp\/v2\/product_cat?post=4002"},{"taxonomy":"product_tag","embeddable":true,"href":"https:\/\/shop.msomuseum.com\/en\/wp-json\/wp\/v2\/product_tag?post=4002"}],"curies":[{"name":"wp","href":"https:\/\/api.w.org\/{rel}","templated":true}]}}