{"id":3995,"date":"2025-09-23T16:25:00","date_gmt":"2025-09-23T13:25:00","guid":{"rendered":"https:\/\/shop.msomuseum.com\/?post_type=product&#038;p=3995"},"modified":"2026-01-16T15:08:38","modified_gmt":"2026-01-16T12:08:38","slug":"spitfire-mk9-pec","status":"publish","type":"product","link":"https:\/\/shop.msomuseum.com\/en\/product\/spitfire-mk9-pec\/","title":{"rendered":"PE\u00c7 SPITFIRE MK9"},"content":{"rendered":"<ul>\n<li>Spitfire Mk9 Nak\u0131\u015f Pe\u00e7<\/li>\n<li>10\u00d710<\/li>\n<li>Can stick on Velcro<\/li>\n<\/ul>","protected":false},"excerpt":{"rendered":"<p>Spitfire Mk9 Nak\u0131\u015f Pe\u00e7 10\u00d710 C\u0131rtl\u0131<\/p>","protected":false},"featured_media":3999,"comment_status":"open","ping_status":"closed","template":"","meta":[],"product_brand":[],"product_cat":[64],"product_tag":[],"class_list":{"0":"post-3995","1":"product","2":"type-product","3":"status-publish","4":"has-post-thumbnail","6":"product_cat-pec","8":"first","9":"instock","10":"shipping-taxable","11":"purchasable","12":"product-type-simple"},"_links":{"self":[{"href":"https:\/\/shop.msomuseum.com\/en\/wp-json\/wp\/v2\/product\/3995"}],"collection":[{"href":"https:\/\/shop.msomuseum.com\/en\/wp-json\/wp\/v2\/product"}],"about":[{"href":"https:\/\/shop.msomuseum.com\/en\/wp-json\/wp\/v2\/types\/product"}],"replies":[{"embeddable":true,"href":"https:\/\/shop.msomuseum.com\/en\/wp-json\/wp\/v2\/comments?post=3995"}],"wp:featuredmedia":[{"embeddable":true,"href":"https:\/\/shop.msomuseum.com\/en\/wp-json\/wp\/v2\/media\/3999"}],"wp:attachment":[{"href":"https:\/\/shop.msomuseum.com\/en\/wp-json\/wp\/v2\/media?parent=3995"}],"wp:term":[{"taxonomy":"product_brand","embeddable":true,"href":"https:\/\/shop.msomuseum.com\/en\/wp-json\/wp\/v2\/product_brand?post=3995"},{"taxonomy":"product_cat","embeddable":true,"href":"https:\/\/shop.msomuseum.com\/en\/wp-json\/wp\/v2\/product_cat?post=3995"},{"taxonomy":"product_tag","embeddable":true,"href":"https:\/\/shop.msomuseum.com\/en\/wp-json\/wp\/v2\/product_tag?post=3995"}],"curies":[{"name":"wp","href":"https:\/\/api.w.org\/{rel}","templated":true}]}}