{"id":3992,"date":"2025-09-23T16:22:00","date_gmt":"2025-09-23T13:22:00","guid":{"rendered":"https:\/\/shop.msomuseum.com\/?post_type=product&#038;p=3992"},"modified":"2026-01-16T15:11:44","modified_gmt":"2026-01-16T12:11:44","slug":"pec-p51-mustang","status":"publish","type":"product","link":"https:\/\/shop.msomuseum.com\/en\/product\/pec-p51-mustang\/","title":{"rendered":"PE\u00c7- P51 MUSTANG"},"content":{"rendered":"<ul>\n<li>P51 Mustang\u00a0 Nak\u0131\u015f Pe\u00e7<\/li>\n<li>10\u00d710<\/li>\n<li>Can stick on Velcro<\/li>\n<\/ul>","protected":false},"excerpt":{"rendered":"<p>P51 Mustang\u00a0 Nak\u0131\u015f Pe\u00e7 10\u00d710 C\u0131rtl\u0131<\/p>","protected":false},"featured_media":3993,"comment_status":"open","ping_status":"closed","template":"","meta":[],"product_brand":[],"product_cat":[64],"product_tag":[],"class_list":{"0":"post-3992","1":"product","2":"type-product","3":"status-publish","4":"has-post-thumbnail","6":"product_cat-pec","8":"first","9":"instock","10":"shipping-taxable","11":"purchasable","12":"product-type-simple"},"_links":{"self":[{"href":"https:\/\/shop.msomuseum.com\/en\/wp-json\/wp\/v2\/product\/3992"}],"collection":[{"href":"https:\/\/shop.msomuseum.com\/en\/wp-json\/wp\/v2\/product"}],"about":[{"href":"https:\/\/shop.msomuseum.com\/en\/wp-json\/wp\/v2\/types\/product"}],"replies":[{"embeddable":true,"href":"https:\/\/shop.msomuseum.com\/en\/wp-json\/wp\/v2\/comments?post=3992"}],"wp:featuredmedia":[{"embeddable":true,"href":"https:\/\/shop.msomuseum.com\/en\/wp-json\/wp\/v2\/media\/3993"}],"wp:attachment":[{"href":"https:\/\/shop.msomuseum.com\/en\/wp-json\/wp\/v2\/media?parent=3992"}],"wp:term":[{"taxonomy":"product_brand","embeddable":true,"href":"https:\/\/shop.msomuseum.com\/en\/wp-json\/wp\/v2\/product_brand?post=3992"},{"taxonomy":"product_cat","embeddable":true,"href":"https:\/\/shop.msomuseum.com\/en\/wp-json\/wp\/v2\/product_cat?post=3992"},{"taxonomy":"product_tag","embeddable":true,"href":"https:\/\/shop.msomuseum.com\/en\/wp-json\/wp\/v2\/product_tag?post=3992"}],"curies":[{"name":"wp","href":"https:\/\/api.w.org\/{rel}","templated":true}]}}