{"id":3591,"date":"2024-10-03T16:35:06","date_gmt":"2024-10-03T13:35:06","guid":{"rendered":"https:\/\/shop.msomuseum.com\/?post_type=product&#038;p=3591"},"modified":"2026-01-16T16:08:01","modified_gmt":"2026-01-16T13:08:01","slug":"p-51d-tasarimli-siyah-tshirt","status":"publish","type":"product","link":"https:\/\/shop.msomuseum.com\/en\/product\/p-51d-tasarimli-siyah-tshirt\/","title":{"rendered":"P-51D MUSTANG TASARIMLI S\u0130YAH TSHIRT"},"content":{"rendered":"<p><a href=\"https:\/\/shop.msomuseum.com\/wp-content\/uploads\/2024\/10\/DSC04365-copy-scaled.jpg\"><img loading=\"lazy\" decoding=\"async\" class=\"alignnone size-medium wp-image-3809\" src=\"https:\/\/shop.msomuseum.com\/wp-content\/uploads\/2024\/10\/DSC04365-copy-240x300.jpg\" alt=\"\" width=\"240\" height=\"300\" srcset=\"https:\/\/shop.msomuseum.com\/wp-content\/uploads\/2024\/10\/DSC04365-copy-240x300.jpg 240w, https:\/\/shop.msomuseum.com\/wp-content\/uploads\/2024\/10\/DSC04365-copy-819x1024.jpg 819w, https:\/\/shop.msomuseum.com\/wp-content\/uploads\/2024\/10\/DSC04365-copy-768x960.jpg 768w, https:\/\/shop.msomuseum.com\/wp-content\/uploads\/2024\/10\/DSC04365-copy-1229x1536.jpg 1229w, https:\/\/shop.msomuseum.com\/wp-content\/uploads\/2024\/10\/DSC04365-copy-1638x2048.jpg 1638w, https:\/\/shop.msomuseum.com\/wp-content\/uploads\/2024\/10\/DSC04365-copy-1170x1463.jpg 1170w, https:\/\/shop.msomuseum.com\/wp-content\/uploads\/2024\/10\/DSC04365-copy-600x750.jpg 600w, https:\/\/shop.msomuseum.com\/wp-content\/uploads\/2024\/10\/DSC04365-copy-scaled.jpg 2048w\" sizes=\"(max-width: 240px) 100vw, 240px\" \/><\/a> <a href=\"https:\/\/shop.msomuseum.com\/wp-content\/uploads\/2024\/10\/DSC04397-copy-scaled.jpg\"><img loading=\"lazy\" decoding=\"async\" class=\"alignnone size-medium wp-image-3810\" src=\"https:\/\/shop.msomuseum.com\/wp-content\/uploads\/2024\/10\/DSC04397-copy-240x300.jpg\" alt=\"\" width=\"240\" height=\"300\" srcset=\"https:\/\/shop.msomuseum.com\/wp-content\/uploads\/2024\/10\/DSC04397-copy-240x300.jpg 240w, https:\/\/shop.msomuseum.com\/wp-content\/uploads\/2024\/10\/DSC04397-copy-819x1024.jpg 819w, https:\/\/shop.msomuseum.com\/wp-content\/uploads\/2024\/10\/DSC04397-copy-768x960.jpg 768w, https:\/\/shop.msomuseum.com\/wp-content\/uploads\/2024\/10\/DSC04397-copy-1229x1536.jpg 1229w, https:\/\/shop.msomuseum.com\/wp-content\/uploads\/2024\/10\/DSC04397-copy-1638x2048.jpg 1638w, https:\/\/shop.msomuseum.com\/wp-content\/uploads\/2024\/10\/DSC04397-copy-1170x1463.jpg 1170w, https:\/\/shop.msomuseum.com\/wp-content\/uploads\/2024\/10\/DSC04397-copy-600x750.jpg 600w, https:\/\/shop.msomuseum.com\/wp-content\/uploads\/2024\/10\/DSC04397-copy-scaled.jpg 2048w\" sizes=\"(max-width: 240px) 100vw, 240px\" \/><\/a> <a href=\"https:\/\/shop.msomuseum.com\/wp-content\/uploads\/2024\/10\/DSC04364-copy-scaled.jpg\"><img loading=\"lazy\" decoding=\"async\" class=\"alignnone size-medium wp-image-3811\" src=\"https:\/\/shop.msomuseum.com\/wp-content\/uploads\/2024\/10\/DSC04364-copy-240x300.jpg\" alt=\"\" width=\"240\" height=\"300\" srcset=\"https:\/\/shop.msomuseum.com\/wp-content\/uploads\/2024\/10\/DSC04364-copy-240x300.jpg 240w, https:\/\/shop.msomuseum.com\/wp-content\/uploads\/2024\/10\/DSC04364-copy-819x1024.jpg 819w, https:\/\/shop.msomuseum.com\/wp-content\/uploads\/2024\/10\/DSC04364-copy-768x960.jpg 768w, https:\/\/shop.msomuseum.com\/wp-content\/uploads\/2024\/10\/DSC04364-copy-1229x1536.jpg 1229w, https:\/\/shop.msomuseum.com\/wp-content\/uploads\/2024\/10\/DSC04364-copy-1638x2048.jpg 1638w, https:\/\/shop.msomuseum.com\/wp-content\/uploads\/2024\/10\/DSC04364-copy-1170x1463.jpg 1170w, https:\/\/shop.msomuseum.com\/wp-content\/uploads\/2024\/10\/DSC04364-copy-600x750.jpg 600w, https:\/\/shop.msomuseum.com\/wp-content\/uploads\/2024\/10\/DSC04364-copy-scaled.jpg 2048w\" sizes=\"(max-width: 240px) 100vw, 240px\" \/><\/a> <a href=\"https:\/\/shop.msomuseum.com\/wp-content\/uploads\/2024\/10\/IMG_0938-scaled.jpg\"><img loading=\"lazy\" decoding=\"async\" class=\"alignnone size-medium wp-image-3597\" src=\"https:\/\/shop.msomuseum.com\/wp-content\/uploads\/2024\/10\/IMG_0938-225x300.jpg\" alt=\"\" width=\"225\" height=\"300\" srcset=\"https:\/\/shop.msomuseum.com\/wp-content\/uploads\/2024\/10\/IMG_0938-225x300.jpg 225w, https:\/\/shop.msomuseum.com\/wp-content\/uploads\/2024\/10\/IMG_0938-768x1024.jpg 768w, https:\/\/shop.msomuseum.com\/wp-content\/uploads\/2024\/10\/IMG_0938-1152x1536.jpg 1152w, https:\/\/shop.msomuseum.com\/wp-content\/uploads\/2024\/10\/IMG_0938-1536x2048.jpg 1536w, https:\/\/shop.msomuseum.com\/wp-content\/uploads\/2024\/10\/IMG_0938-1170x1560.jpg 1170w, https:\/\/shop.msomuseum.com\/wp-content\/uploads\/2024\/10\/IMG_0938-600x800.jpg 600w, https:\/\/shop.msomuseum.com\/wp-content\/uploads\/2024\/10\/IMG_0938-150x200.jpg 150w, https:\/\/shop.msomuseum.com\/wp-content\/uploads\/2024\/10\/IMG_0938-scaled.jpg 1920w\" sizes=\"(max-width: 225px) 100vw, 225px\" \/><\/a><\/p>","protected":false},"excerpt":{"rendered":"<ul>\n<li>Stil: G\u00fcnl\u00fck<\/li>\n<li>Renk: Siyah<\/li>\n<li>Kal\u0131p: Standart<\/li>\n<li>Materyal: %100 Pamuk<\/li>\n<li>Unisex<\/li>\n<li>Yaka Tipi: Bisiklet Yaka<\/li>\n<li>Kol Tipi: Standart Kol<\/li>\n<li>Y\u0131kama Talimat\u0131: Maksimum 30 \u00b0C s\u0131cakl\u0131kta y\u0131kay\u0131n\u0131z. A\u011fart\u0131c\u0131 kullanmay\u0131n\u0131z. Tamburlu kurutma yapmay\u0131n\u0131z. S\u0131kmay\u0131n\u0131z asarak kurutun.\u00a0 Kuru temizleme yap\u0131lmaz<\/li>\n<\/ul>","protected":false},"featured_media":3809,"comment_status":"open","ping_status":"closed","template":"","meta":[],"product_brand":[],"product_cat":[61],"product_tag":[],"class_list":{"0":"post-3591","1":"product","2":"type-product","3":"status-publish","4":"has-post-thumbnail","6":"product_cat-tisort","8":"first","9":"instock","10":"shipping-taxable","11":"purchasable","12":"product-type-variable"},"_links":{"self":[{"href":"https:\/\/shop.msomuseum.com\/en\/wp-json\/wp\/v2\/product\/3591"}],"collection":[{"href":"https:\/\/shop.msomuseum.com\/en\/wp-json\/wp\/v2\/product"}],"about":[{"href":"https:\/\/shop.msomuseum.com\/en\/wp-json\/wp\/v2\/types\/product"}],"replies":[{"embeddable":true,"href":"https:\/\/shop.msomuseum.com\/en\/wp-json\/wp\/v2\/comments?post=3591"}],"wp:featuredmedia":[{"embeddable":true,"href":"https:\/\/shop.msomuseum.com\/en\/wp-json\/wp\/v2\/media\/3809"}],"wp:attachment":[{"href":"https:\/\/shop.msomuseum.com\/en\/wp-json\/wp\/v2\/media?parent=3591"}],"wp:term":[{"taxonomy":"product_brand","embeddable":true,"href":"https:\/\/shop.msomuseum.com\/en\/wp-json\/wp\/v2\/product_brand?post=3591"},{"taxonomy":"product_cat","embeddable":true,"href":"https:\/\/shop.msomuseum.com\/en\/wp-json\/wp\/v2\/product_cat?post=3591"},{"taxonomy":"product_tag","embeddable":true,"href":"https:\/\/shop.msomuseum.com\/en\/wp-json\/wp\/v2\/product_tag?post=3591"}],"curies":[{"name":"wp","href":"https:\/\/api.w.org\/{rel}","templated":true}]}}