{"id":3553,"date":"2024-09-04T11:15:22","date_gmt":"2024-09-04T08:15:22","guid":{"rendered":"https:\/\/shop.msomuseum.com\/?post_type=product&#038;p=3553"},"modified":"2026-01-17T10:17:20","modified_gmt":"2026-01-17T07:17:20","slug":"mustang-tasarimli-ahsap-defter","status":"publish","type":"product","link":"https:\/\/shop.msomuseum.com\/en\/product\/mustang-tasarimli-ahsap-defter\/","title":{"rendered":"Mustang Tasar\u0131ml\u0131 Ah\u015fap Defter"},"content":{"rendered":"<p><a href=\"https:\/\/shop.msomuseum.com\/wp-content\/uploads\/2024\/09\/DSC04610-copy-scaled.jpg\"><img loading=\"lazy\" decoding=\"async\" class=\"alignnone size-medium wp-image-3813\" src=\"https:\/\/shop.msomuseum.com\/wp-content\/uploads\/2024\/09\/DSC04610-copy-240x300.jpg\" alt=\"\" width=\"240\" height=\"300\" srcset=\"https:\/\/shop.msomuseum.com\/wp-content\/uploads\/2024\/09\/DSC04610-copy-240x300.jpg 240w, https:\/\/shop.msomuseum.com\/wp-content\/uploads\/2024\/09\/DSC04610-copy-819x1024.jpg 819w, https:\/\/shop.msomuseum.com\/wp-content\/uploads\/2024\/09\/DSC04610-copy-768x960.jpg 768w, https:\/\/shop.msomuseum.com\/wp-content\/uploads\/2024\/09\/DSC04610-copy-1229x1536.jpg 1229w, https:\/\/shop.msomuseum.com\/wp-content\/uploads\/2024\/09\/DSC04610-copy-1638x2048.jpg 1638w, https:\/\/shop.msomuseum.com\/wp-content\/uploads\/2024\/09\/DSC04610-copy-1170x1463.jpg 1170w, https:\/\/shop.msomuseum.com\/wp-content\/uploads\/2024\/09\/DSC04610-copy-600x750.jpg 600w, https:\/\/shop.msomuseum.com\/wp-content\/uploads\/2024\/09\/DSC04610-copy-scaled.jpg 2048w\" sizes=\"(max-width: 240px) 100vw, 240px\" \/><\/a><a href=\"https:\/\/shop.msomuseum.com\/wp-content\/uploads\/2024\/09\/DSC04611-copy-scaled.jpg\"><img loading=\"lazy\" decoding=\"async\" class=\"alignnone size-medium wp-image-3814\" src=\"https:\/\/shop.msomuseum.com\/wp-content\/uploads\/2024\/09\/DSC04611-copy-240x300.jpg\" alt=\"\" width=\"240\" height=\"300\" srcset=\"https:\/\/shop.msomuseum.com\/wp-content\/uploads\/2024\/09\/DSC04611-copy-240x300.jpg 240w, https:\/\/shop.msomuseum.com\/wp-content\/uploads\/2024\/09\/DSC04611-copy-819x1024.jpg 819w, https:\/\/shop.msomuseum.com\/wp-content\/uploads\/2024\/09\/DSC04611-copy-768x960.jpg 768w, https:\/\/shop.msomuseum.com\/wp-content\/uploads\/2024\/09\/DSC04611-copy-1229x1536.jpg 1229w, https:\/\/shop.msomuseum.com\/wp-content\/uploads\/2024\/09\/DSC04611-copy-1639x2048.jpg 1639w, https:\/\/shop.msomuseum.com\/wp-content\/uploads\/2024\/09\/DSC04611-copy-1170x1462.jpg 1170w, https:\/\/shop.msomuseum.com\/wp-content\/uploads\/2024\/09\/DSC04611-copy-600x750.jpg 600w, https:\/\/shop.msomuseum.com\/wp-content\/uploads\/2024\/09\/DSC04611-copy-scaled.jpg 2048w\" sizes=\"(max-width: 240px) 100vw, 240px\" \/><\/a><a href=\"https:\/\/shop.msomuseum.com\/wp-content\/uploads\/2024\/09\/WhatsApp-Image-2024-09-04-at-10.03.01-1-scaled.jpeg\"><img loading=\"lazy\" decoding=\"async\" class=\"alignnone size-medium wp-image-3554\" src=\"https:\/\/shop.msomuseum.com\/wp-content\/uploads\/2024\/09\/WhatsApp-Image-2024-09-04-at-10.03.01-1-300x225.jpeg\" alt=\"\" width=\"300\" height=\"225\" srcset=\"https:\/\/shop.msomuseum.com\/wp-content\/uploads\/2024\/09\/WhatsApp-Image-2024-09-04-at-10.03.01-1-300x225.jpeg 300w, https:\/\/shop.msomuseum.com\/wp-content\/uploads\/2024\/09\/WhatsApp-Image-2024-09-04-at-10.03.01-1-1024x768.jpeg 1024w, https:\/\/shop.msomuseum.com\/wp-content\/uploads\/2024\/09\/WhatsApp-Image-2024-09-04-at-10.03.01-1-768x576.jpeg 768w, https:\/\/shop.msomuseum.com\/wp-content\/uploads\/2024\/09\/WhatsApp-Image-2024-09-04-at-10.03.01-1-1536x1152.jpeg 1536w, https:\/\/shop.msomuseum.com\/wp-content\/uploads\/2024\/09\/WhatsApp-Image-2024-09-04-at-10.03.01-1-2048x1536.jpeg 2048w, https:\/\/shop.msomuseum.com\/wp-content\/uploads\/2024\/09\/WhatsApp-Image-2024-09-04-at-10.03.01-1-1170x877.jpeg 1170w, https:\/\/shop.msomuseum.com\/wp-content\/uploads\/2024\/09\/WhatsApp-Image-2024-09-04-at-10.03.01-1-600x450.jpeg 600w\" sizes=\"(max-width: 300px) 100vw, 300px\" \/><\/a><\/p>","protected":false},"excerpt":{"rendered":"","protected":false},"featured_media":3812,"comment_status":"open","ping_status":"closed","template":"","meta":[],"product_brand":[],"product_cat":[86],"product_tag":[],"class_list":{"0":"post-3553","1":"product","2":"type-product","3":"status-publish","4":"has-post-thumbnail","6":"product_cat-defter","8":"first","9":"instock","10":"shipping-taxable","11":"purchasable","12":"product-type-simple"},"_links":{"self":[{"href":"https:\/\/shop.msomuseum.com\/en\/wp-json\/wp\/v2\/product\/3553"}],"collection":[{"href":"https:\/\/shop.msomuseum.com\/en\/wp-json\/wp\/v2\/product"}],"about":[{"href":"https:\/\/shop.msomuseum.com\/en\/wp-json\/wp\/v2\/types\/product"}],"replies":[{"embeddable":true,"href":"https:\/\/shop.msomuseum.com\/en\/wp-json\/wp\/v2\/comments?post=3553"}],"wp:featuredmedia":[{"embeddable":true,"href":"https:\/\/shop.msomuseum.com\/en\/wp-json\/wp\/v2\/media\/3812"}],"wp:attachment":[{"href":"https:\/\/shop.msomuseum.com\/en\/wp-json\/wp\/v2\/media?parent=3553"}],"wp:term":[{"taxonomy":"product_brand","embeddable":true,"href":"https:\/\/shop.msomuseum.com\/en\/wp-json\/wp\/v2\/product_brand?post=3553"},{"taxonomy":"product_cat","embeddable":true,"href":"https:\/\/shop.msomuseum.com\/en\/wp-json\/wp\/v2\/product_cat?post=3553"},{"taxonomy":"product_tag","embeddable":true,"href":"https:\/\/shop.msomuseum.com\/en\/wp-json\/wp\/v2\/product_tag?post=3553"}],"curies":[{"name":"wp","href":"https:\/\/api.w.org\/{rel}","templated":true}]}}