{"id":3432,"date":"2024-03-08T14:32:59","date_gmt":"2024-03-08T11:32:59","guid":{"rendered":"https:\/\/shop.msomuseum.com\/?post_type=product&#038;p=3432"},"modified":"2025-10-08T17:40:16","modified_gmt":"2025-10-08T14:40:16","slug":"y-p-51d-mustang-tasarimli-kupa","status":"publish","type":"product","link":"https:\/\/shop.msomuseum.com\/en\/product\/y-p-51d-mustang-tasarimli-kupa\/","title":{"rendered":"Y-P-51D Mustang Tasar\u0131ml\u0131 Kupa"},"content":{"rendered":"<p><a href=\"https:\/\/shop.msomuseum.com\/wp-content\/uploads\/2024\/03\/DSC04467-copy-1-scaled.jpg\"><img loading=\"lazy\" decoding=\"async\" class=\"alignnone size-medium wp-image-3839\" src=\"https:\/\/shop.msomuseum.com\/wp-content\/uploads\/2024\/03\/DSC04467-copy-1-240x300.jpg\" alt=\"\" width=\"240\" height=\"300\" srcset=\"https:\/\/shop.msomuseum.com\/wp-content\/uploads\/2024\/03\/DSC04467-copy-1-240x300.jpg 240w, https:\/\/shop.msomuseum.com\/wp-content\/uploads\/2024\/03\/DSC04467-copy-1-819x1024.jpg 819w, https:\/\/shop.msomuseum.com\/wp-content\/uploads\/2024\/03\/DSC04467-copy-1-768x960.jpg 768w, https:\/\/shop.msomuseum.com\/wp-content\/uploads\/2024\/03\/DSC04467-copy-1-1229x1536.jpg 1229w, https:\/\/shop.msomuseum.com\/wp-content\/uploads\/2024\/03\/DSC04467-copy-1-1639x2048.jpg 1639w, https:\/\/shop.msomuseum.com\/wp-content\/uploads\/2024\/03\/DSC04467-copy-1-1170x1462.jpg 1170w, https:\/\/shop.msomuseum.com\/wp-content\/uploads\/2024\/03\/DSC04467-copy-1-600x750.jpg 600w, https:\/\/shop.msomuseum.com\/wp-content\/uploads\/2024\/03\/DSC04467-copy-1-scaled.jpg 2048w\" sizes=\"(max-width: 240px) 100vw, 240px\" \/><\/a> <a href=\"https:\/\/shop.msomuseum.com\/wp-content\/uploads\/2024\/03\/DSC04468-copy-scaled.jpg\"><img loading=\"lazy\" decoding=\"async\" class=\"alignnone size-medium wp-image-3840\" src=\"https:\/\/shop.msomuseum.com\/wp-content\/uploads\/2024\/03\/DSC04468-copy-240x300.jpg\" alt=\"\" width=\"240\" height=\"300\" srcset=\"https:\/\/shop.msomuseum.com\/wp-content\/uploads\/2024\/03\/DSC04468-copy-240x300.jpg 240w, https:\/\/shop.msomuseum.com\/wp-content\/uploads\/2024\/03\/DSC04468-copy-819x1024.jpg 819w, https:\/\/shop.msomuseum.com\/wp-content\/uploads\/2024\/03\/DSC04468-copy-768x960.jpg 768w, https:\/\/shop.msomuseum.com\/wp-content\/uploads\/2024\/03\/DSC04468-copy-1228x1536.jpg 1228w, https:\/\/shop.msomuseum.com\/wp-content\/uploads\/2024\/03\/DSC04468-copy-1638x2048.jpg 1638w, https:\/\/shop.msomuseum.com\/wp-content\/uploads\/2024\/03\/DSC04468-copy-1170x1463.jpg 1170w, https:\/\/shop.msomuseum.com\/wp-content\/uploads\/2024\/03\/DSC04468-copy-600x750.jpg 600w, https:\/\/shop.msomuseum.com\/wp-content\/uploads\/2024\/03\/DSC04468-copy-scaled.jpg 2047w\" sizes=\"(max-width: 240px) 100vw, 240px\" \/><\/a><\/p>","protected":false},"excerpt":{"rendered":"<ul>\n<li>P-51D Mustang\u00a0 Tasar\u0131ml\u0131 Bask\u0131l\u0131 Kupa<\/li>\n<li>Renk : Beyaz, Siyah<\/li>\n<li>Kupa: A\u011f\u0131z \u00c7ap\u0131: 8 cm | Y\u00fckseklik: 7,5 cm<\/li>\n<li>\u00dcr\u00fcn \u00d6zelli\u011fi: Seramiktir. Porselen kar\u0131\u015f\u0131m\u0131d\u0131r.<\/li>\n<li>Packaging: Box<\/li>\n<\/ul>\n<p>It is recommended to wash by hand for long life.<\/p>","protected":false},"featured_media":3838,"comment_status":"open","ping_status":"closed","template":"","meta":[],"product_brand":[],"product_cat":[62],"product_tag":[],"class_list":{"0":"post-3432","1":"product","2":"type-product","3":"status-publish","4":"has-post-thumbnail","6":"product_cat-kupa","8":"first","9":"outofstock","10":"shipping-taxable","11":"purchasable","12":"product-type-simple"},"_links":{"self":[{"href":"https:\/\/shop.msomuseum.com\/en\/wp-json\/wp\/v2\/product\/3432"}],"collection":[{"href":"https:\/\/shop.msomuseum.com\/en\/wp-json\/wp\/v2\/product"}],"about":[{"href":"https:\/\/shop.msomuseum.com\/en\/wp-json\/wp\/v2\/types\/product"}],"replies":[{"embeddable":true,"href":"https:\/\/shop.msomuseum.com\/en\/wp-json\/wp\/v2\/comments?post=3432"}],"wp:featuredmedia":[{"embeddable":true,"href":"https:\/\/shop.msomuseum.com\/en\/wp-json\/wp\/v2\/media\/3838"}],"wp:attachment":[{"href":"https:\/\/shop.msomuseum.com\/en\/wp-json\/wp\/v2\/media?parent=3432"}],"wp:term":[{"taxonomy":"product_brand","embeddable":true,"href":"https:\/\/shop.msomuseum.com\/en\/wp-json\/wp\/v2\/product_brand?post=3432"},{"taxonomy":"product_cat","embeddable":true,"href":"https:\/\/shop.msomuseum.com\/en\/wp-json\/wp\/v2\/product_cat?post=3432"},{"taxonomy":"product_tag","embeddable":true,"href":"https:\/\/shop.msomuseum.com\/en\/wp-json\/wp\/v2\/product_tag?post=3432"}],"curies":[{"name":"wp","href":"https:\/\/api.w.org\/{rel}","templated":true}]}}