{"id":3421,"date":"2024-03-08T11:51:13","date_gmt":"2024-03-08T08:51:13","guid":{"rendered":"https:\/\/shop.msomuseum.com\/?post_type=product&#038;p=3421"},"modified":"2025-08-07T10:16:57","modified_gmt":"2025-08-07T07:16:57","slug":"tiger-moth-ahsap-tasarimli-spiralli-defter","status":"publish","type":"product","link":"https:\/\/shop.msomuseum.com\/en\/product\/tiger-moth-ahsap-tasarimli-spiralli-defter\/","title":{"rendered":"T\u0131ger Moth Ah\u015fap Tasar\u0131ml\u0131 Spiralli Defter"},"content":{"rendered":"<p><a href=\"https:\/\/shop.msomuseum.com\/wp-content\/uploads\/2024\/03\/DSC04607-copy-scaled.jpg\"><img loading=\"lazy\" decoding=\"async\" class=\"alignnone size-medium wp-image-3844\" src=\"https:\/\/shop.msomuseum.com\/wp-content\/uploads\/2024\/03\/DSC04607-copy-240x300.jpg\" alt=\"\" width=\"240\" height=\"300\" srcset=\"https:\/\/shop.msomuseum.com\/wp-content\/uploads\/2024\/03\/DSC04607-copy-240x300.jpg 240w, https:\/\/shop.msomuseum.com\/wp-content\/uploads\/2024\/03\/DSC04607-copy-819x1024.jpg 819w, https:\/\/shop.msomuseum.com\/wp-content\/uploads\/2024\/03\/DSC04607-copy-768x960.jpg 768w, https:\/\/shop.msomuseum.com\/wp-content\/uploads\/2024\/03\/DSC04607-copy-1229x1536.jpg 1229w, https:\/\/shop.msomuseum.com\/wp-content\/uploads\/2024\/03\/DSC04607-copy-1638x2048.jpg 1638w, https:\/\/shop.msomuseum.com\/wp-content\/uploads\/2024\/03\/DSC04607-copy-1170x1463.jpg 1170w, https:\/\/shop.msomuseum.com\/wp-content\/uploads\/2024\/03\/DSC04607-copy-600x750.jpg 600w, https:\/\/shop.msomuseum.com\/wp-content\/uploads\/2024\/03\/DSC04607-copy-scaled.jpg 2048w\" sizes=\"(max-width: 240px) 100vw, 240px\" \/><\/a> <a href=\"https:\/\/shop.msomuseum.com\/wp-content\/uploads\/2024\/03\/DSC04608-copy-scaled.jpg\"><img loading=\"lazy\" decoding=\"async\" class=\"alignnone size-medium wp-image-3846\" src=\"https:\/\/shop.msomuseum.com\/wp-content\/uploads\/2024\/03\/DSC04608-copy-240x300.jpg\" alt=\"\" width=\"240\" height=\"300\" srcset=\"https:\/\/shop.msomuseum.com\/wp-content\/uploads\/2024\/03\/DSC04608-copy-240x300.jpg 240w, https:\/\/shop.msomuseum.com\/wp-content\/uploads\/2024\/03\/DSC04608-copy-819x1024.jpg 819w, https:\/\/shop.msomuseum.com\/wp-content\/uploads\/2024\/03\/DSC04608-copy-768x960.jpg 768w, https:\/\/shop.msomuseum.com\/wp-content\/uploads\/2024\/03\/DSC04608-copy-1229x1536.jpg 1229w, https:\/\/shop.msomuseum.com\/wp-content\/uploads\/2024\/03\/DSC04608-copy-1638x2048.jpg 1638w, https:\/\/shop.msomuseum.com\/wp-content\/uploads\/2024\/03\/DSC04608-copy-1170x1463.jpg 1170w, https:\/\/shop.msomuseum.com\/wp-content\/uploads\/2024\/03\/DSC04608-copy-600x750.jpg 600w, https:\/\/shop.msomuseum.com\/wp-content\/uploads\/2024\/03\/DSC04608-copy-scaled.jpg 2048w\" sizes=\"(max-width: 240px) 100vw, 240px\" \/><\/a><\/p>","protected":false},"excerpt":{"rendered":"","protected":false},"featured_media":3843,"comment_status":"open","ping_status":"closed","template":"","meta":[],"product_brand":[],"product_cat":[86],"product_tag":[],"class_list":{"0":"post-3421","1":"product","2":"type-product","3":"status-publish","4":"has-post-thumbnail","6":"product_cat-defter","8":"first","9":"instock","10":"shipping-taxable","11":"purchasable","12":"product-type-simple"},"_links":{"self":[{"href":"https:\/\/shop.msomuseum.com\/en\/wp-json\/wp\/v2\/product\/3421"}],"collection":[{"href":"https:\/\/shop.msomuseum.com\/en\/wp-json\/wp\/v2\/product"}],"about":[{"href":"https:\/\/shop.msomuseum.com\/en\/wp-json\/wp\/v2\/types\/product"}],"replies":[{"embeddable":true,"href":"https:\/\/shop.msomuseum.com\/en\/wp-json\/wp\/v2\/comments?post=3421"}],"wp:featuredmedia":[{"embeddable":true,"href":"https:\/\/shop.msomuseum.com\/en\/wp-json\/wp\/v2\/media\/3843"}],"wp:attachment":[{"href":"https:\/\/shop.msomuseum.com\/en\/wp-json\/wp\/v2\/media?parent=3421"}],"wp:term":[{"taxonomy":"product_brand","embeddable":true,"href":"https:\/\/shop.msomuseum.com\/en\/wp-json\/wp\/v2\/product_brand?post=3421"},{"taxonomy":"product_cat","embeddable":true,"href":"https:\/\/shop.msomuseum.com\/en\/wp-json\/wp\/v2\/product_cat?post=3421"},{"taxonomy":"product_tag","embeddable":true,"href":"https:\/\/shop.msomuseum.com\/en\/wp-json\/wp\/v2\/product_tag?post=3421"}],"curies":[{"name":"wp","href":"https:\/\/api.w.org\/{rel}","templated":true}]}}