{"id":3413,"date":"2024-03-08T10:12:48","date_gmt":"2024-03-08T07:12:48","guid":{"rendered":"https:\/\/shop.msomuseum.com\/?post_type=product&#038;p=3413"},"modified":"2026-01-17T10:22:16","modified_gmt":"2026-01-17T07:22:16","slug":"3d-p-51d-mustang-tasarimli-pvc-anahtarlik","status":"publish","type":"product","link":"https:\/\/shop.msomuseum.com\/en\/product\/3d-p-51d-mustang-tasarimli-pvc-anahtarlik\/","title":{"rendered":"3D P-51D Mustang Tasar\u0131ml\u0131 PVC Anahtarl\u0131k"},"content":{"rendered":"<p><a href=\"https:\/\/shop.msomuseum.com\/wp-content\/uploads\/2024\/03\/DSC04654-copy-scaled.jpg\"><img loading=\"lazy\" decoding=\"async\" class=\"alignnone size-medium wp-image-3847\" src=\"https:\/\/shop.msomuseum.com\/wp-content\/uploads\/2024\/03\/DSC04654-copy-240x300.jpg\" alt=\"\" width=\"240\" height=\"300\" srcset=\"https:\/\/shop.msomuseum.com\/wp-content\/uploads\/2024\/03\/DSC04654-copy-240x300.jpg 240w, https:\/\/shop.msomuseum.com\/wp-content\/uploads\/2024\/03\/DSC04654-copy-819x1024.jpg 819w, https:\/\/shop.msomuseum.com\/wp-content\/uploads\/2024\/03\/DSC04654-copy-768x960.jpg 768w, https:\/\/shop.msomuseum.com\/wp-content\/uploads\/2024\/03\/DSC04654-copy-1229x1536.jpg 1229w, https:\/\/shop.msomuseum.com\/wp-content\/uploads\/2024\/03\/DSC04654-copy-1639x2048.jpg 1639w, https:\/\/shop.msomuseum.com\/wp-content\/uploads\/2024\/03\/DSC04654-copy-1170x1462.jpg 1170w, https:\/\/shop.msomuseum.com\/wp-content\/uploads\/2024\/03\/DSC04654-copy-600x750.jpg 600w\" sizes=\"(max-width: 240px) 100vw, 240px\" \/><\/a> <a href=\"https:\/\/shop.msomuseum.com\/wp-content\/uploads\/2024\/03\/DSC04658-copy-scaled.jpg\"><img loading=\"lazy\" decoding=\"async\" class=\"alignnone size-medium wp-image-3849\" src=\"https:\/\/shop.msomuseum.com\/wp-content\/uploads\/2024\/03\/DSC04658-copy-240x300.jpg\" alt=\"\" width=\"240\" height=\"300\" srcset=\"https:\/\/shop.msomuseum.com\/wp-content\/uploads\/2024\/03\/DSC04658-copy-240x300.jpg 240w, https:\/\/shop.msomuseum.com\/wp-content\/uploads\/2024\/03\/DSC04658-copy-819x1024.jpg 819w, https:\/\/shop.msomuseum.com\/wp-content\/uploads\/2024\/03\/DSC04658-copy-768x960.jpg 768w, https:\/\/shop.msomuseum.com\/wp-content\/uploads\/2024\/03\/DSC04658-copy-1229x1536.jpg 1229w, https:\/\/shop.msomuseum.com\/wp-content\/uploads\/2024\/03\/DSC04658-copy-1638x2048.jpg 1638w, https:\/\/shop.msomuseum.com\/wp-content\/uploads\/2024\/03\/DSC04658-copy-1170x1463.jpg 1170w, https:\/\/shop.msomuseum.com\/wp-content\/uploads\/2024\/03\/DSC04658-copy-600x750.jpg 600w, https:\/\/shop.msomuseum.com\/wp-content\/uploads\/2024\/03\/DSC04658-copy-scaled.jpg 2048w\" sizes=\"(max-width: 240px) 100vw, 240px\" \/><\/a><\/p>","protected":false},"excerpt":{"rendered":"<p>P-51D Mustang Tasar\u0131ml\u0131 PVC Anahtarl\u0131k<\/p>\n<p>\u00d6l\u00e7\u00fcleri 8*4,5 cm<\/p>\n<p>PVC\u00a0 Anahtarl\u0131k<\/p>","protected":false},"featured_media":3848,"comment_status":"open","ping_status":"closed","template":"","meta":[],"product_brand":[],"product_cat":[88],"product_tag":[],"class_list":{"0":"post-3413","1":"product","2":"type-product","3":"status-publish","4":"has-post-thumbnail","6":"product_cat-anahtarlik","8":"first","9":"instock","10":"shipping-taxable","11":"purchasable","12":"product-type-simple"},"_links":{"self":[{"href":"https:\/\/shop.msomuseum.com\/en\/wp-json\/wp\/v2\/product\/3413"}],"collection":[{"href":"https:\/\/shop.msomuseum.com\/en\/wp-json\/wp\/v2\/product"}],"about":[{"href":"https:\/\/shop.msomuseum.com\/en\/wp-json\/wp\/v2\/types\/product"}],"replies":[{"embeddable":true,"href":"https:\/\/shop.msomuseum.com\/en\/wp-json\/wp\/v2\/comments?post=3413"}],"wp:featuredmedia":[{"embeddable":true,"href":"https:\/\/shop.msomuseum.com\/en\/wp-json\/wp\/v2\/media\/3848"}],"wp:attachment":[{"href":"https:\/\/shop.msomuseum.com\/en\/wp-json\/wp\/v2\/media?parent=3413"}],"wp:term":[{"taxonomy":"product_brand","embeddable":true,"href":"https:\/\/shop.msomuseum.com\/en\/wp-json\/wp\/v2\/product_brand?post=3413"},{"taxonomy":"product_cat","embeddable":true,"href":"https:\/\/shop.msomuseum.com\/en\/wp-json\/wp\/v2\/product_cat?post=3413"},{"taxonomy":"product_tag","embeddable":true,"href":"https:\/\/shop.msomuseum.com\/en\/wp-json\/wp\/v2\/product_tag?post=3413"}],"curies":[{"name":"wp","href":"https:\/\/api.w.org\/{rel}","templated":true}]}}