{"id":3336,"date":"2023-11-01T14:47:45","date_gmt":"2023-11-01T11:47:45","guid":{"rendered":"https:\/\/shop.msomuseum.com\/?post_type=product&#038;p=3336"},"modified":"2025-07-03T09:32:05","modified_gmt":"2025-07-03T06:32:05","slug":"semin-yeni-menekse-vegan-suet-sapka","status":"publish","type":"product","link":"https:\/\/shop.msomuseum.com\/en\/product\/semin-yeni-menekse-vegan-suet-sapka\/","title":{"rendered":"Semin Yeni Menek\u015fe Vegan S\u00fcet \u015eapka"},"content":{"rendered":"<ul>\n<li>\u00dcr\u00fcn: Suni S\u00fcet<\/li>\n<li>Renk: Lila<\/li>\n<li>Kullan\u0131m Alan\u0131: Oudoor<\/li>\n<li>Koleksiyon: Basic<\/li>\n<\/ul>\n<p>&nbsp;<\/p>","protected":false},"excerpt":{"rendered":"<ul>\n<li>\u00dcr\u00fcn: Suni S\u00fcet<\/li>\n<li>Renk: Lila<\/li>\n<li>Kullan\u0131m Alan\u0131: Oudoor<\/li>\n<li>Koleksiyon: Basic<\/li>\n<\/ul>","protected":false},"featured_media":3342,"comment_status":"open","ping_status":"closed","template":"","meta":[],"product_brand":[],"product_cat":[63],"product_tag":[],"class_list":{"0":"post-3336","1":"product","2":"type-product","3":"status-publish","4":"has-post-thumbnail","6":"product_cat-sapka","7":"product_shipping_class-hoodie","9":"first","10":"outofstock","11":"shipping-taxable","12":"purchasable","13":"product-type-variable"},"_links":{"self":[{"href":"https:\/\/shop.msomuseum.com\/en\/wp-json\/wp\/v2\/product\/3336"}],"collection":[{"href":"https:\/\/shop.msomuseum.com\/en\/wp-json\/wp\/v2\/product"}],"about":[{"href":"https:\/\/shop.msomuseum.com\/en\/wp-json\/wp\/v2\/types\/product"}],"replies":[{"embeddable":true,"href":"https:\/\/shop.msomuseum.com\/en\/wp-json\/wp\/v2\/comments?post=3336"}],"wp:featuredmedia":[{"embeddable":true,"href":"https:\/\/shop.msomuseum.com\/en\/wp-json\/wp\/v2\/media\/3342"}],"wp:attachment":[{"href":"https:\/\/shop.msomuseum.com\/en\/wp-json\/wp\/v2\/media?parent=3336"}],"wp:term":[{"taxonomy":"product_brand","embeddable":true,"href":"https:\/\/shop.msomuseum.com\/en\/wp-json\/wp\/v2\/product_brand?post=3336"},{"taxonomy":"product_cat","embeddable":true,"href":"https:\/\/shop.msomuseum.com\/en\/wp-json\/wp\/v2\/product_cat?post=3336"},{"taxonomy":"product_tag","embeddable":true,"href":"https:\/\/shop.msomuseum.com\/en\/wp-json\/wp\/v2\/product_tag?post=3336"}],"curies":[{"name":"wp","href":"https:\/\/api.w.org\/{rel}","templated":true}]}}