{"id":3326,"date":"2023-11-01T12:58:48","date_gmt":"2023-11-01T09:58:48","guid":{"rendered":"https:\/\/shop.msomuseum.com\/?post_type=product&#038;p=3326"},"modified":"2025-07-03T09:31:54","modified_gmt":"2025-07-03T06:31:54","slug":"p-51d-mustang-tasarimli-spiralli-defter","status":"publish","type":"product","link":"https:\/\/shop.msomuseum.com\/en\/product\/p-51d-mustang-tasarimli-spiralli-defter\/","title":{"rendered":"P-51D MUSTANG TASARIMLI SP\u0130RALL\u0130 DEFTER"},"content":{"rendered":"<ul style=\"list-style-type: disc;\">\n<li>80 gr. 1.Hamur Ka\u011f\u0131t<\/li>\n<li>100 Yaprak<\/li>\n<li>Kapak T\u00fcr\u00fc: Karton<\/li>\n<li>Sayfa Tipi: \u00c7izgisiz<\/li>\n<li>Sayfa Rengi: Sar\u0131 \/ \u0130\u00e7 sayfalarda parlak ku\u015fe ka\u011f\u0131t 5 adet bask\u0131<\/li>\n<li>Ka\u011f\u0131t Boyu: A5<\/li>\n<li>Boyut. Orta<\/li>\n<li>Tel Tipi: Spiralli<\/li>\n<\/ul>","protected":false},"excerpt":{"rendered":"<ul style=\"list-style-type: disc;\">\n<li>80 gr. 1.Hamur Ka\u011f\u0131t<\/li>\n<li>100 Yaprak<\/li>\n<li>Kapak T\u00fcr\u00fc: Karton<\/li>\n<li>Sayfa Tipi: \u00c7izgisiz<\/li>\n<li>Sayfa Rengi: Sar\u0131 \/ \u0130\u00e7 sayfalarda parlak ku\u015fe ka\u011f\u0131t 5 adet bask\u0131<\/li>\n<li>Ka\u011f\u0131t Boyu: A5<\/li>\n<li>Boyut. Orta<\/li>\n<li>Tel Tipi: Spiralli<\/li>\n<\/ul>","protected":false},"featured_media":3330,"comment_status":"open","ping_status":"closed","template":"","meta":[],"product_brand":[],"product_cat":[86],"product_tag":[],"class_list":{"0":"post-3326","1":"product","2":"type-product","3":"status-publish","4":"has-post-thumbnail","6":"product_cat-defter","7":"product_shipping_class-kupa","9":"first","10":"outofstock","11":"shipping-taxable","12":"purchasable","13":"product-type-variable"},"_links":{"self":[{"href":"https:\/\/shop.msomuseum.com\/en\/wp-json\/wp\/v2\/product\/3326"}],"collection":[{"href":"https:\/\/shop.msomuseum.com\/en\/wp-json\/wp\/v2\/product"}],"about":[{"href":"https:\/\/shop.msomuseum.com\/en\/wp-json\/wp\/v2\/types\/product"}],"replies":[{"embeddable":true,"href":"https:\/\/shop.msomuseum.com\/en\/wp-json\/wp\/v2\/comments?post=3326"}],"wp:featuredmedia":[{"embeddable":true,"href":"https:\/\/shop.msomuseum.com\/en\/wp-json\/wp\/v2\/media\/3330"}],"wp:attachment":[{"href":"https:\/\/shop.msomuseum.com\/en\/wp-json\/wp\/v2\/media?parent=3326"}],"wp:term":[{"taxonomy":"product_brand","embeddable":true,"href":"https:\/\/shop.msomuseum.com\/en\/wp-json\/wp\/v2\/product_brand?post=3326"},{"taxonomy":"product_cat","embeddable":true,"href":"https:\/\/shop.msomuseum.com\/en\/wp-json\/wp\/v2\/product_cat?post=3326"},{"taxonomy":"product_tag","embeddable":true,"href":"https:\/\/shop.msomuseum.com\/en\/wp-json\/wp\/v2\/product_tag?post=3326"}],"curies":[{"name":"wp","href":"https:\/\/api.w.org\/{rel}","templated":true}]}}