{"id":3316,"date":"2023-11-01T12:26:37","date_gmt":"2023-11-01T09:26:37","guid":{"rendered":"https:\/\/shop.msomuseum.com\/?post_type=product&#038;p=3316"},"modified":"2026-02-14T09:09:28","modified_gmt":"2026-02-14T06:09:28","slug":"p-51d-tasarimli-baskili-tshirt","status":"publish","type":"product","link":"https:\/\/shop.msomuseum.com\/en\/product\/p-51d-tasarimli-baskili-tshirt\/","title":{"rendered":"P-51D TASARIMLI BASKILI TSHIRT"},"content":{"rendered":"<ul>\n<li>P-51D\u00a0 &#8216;Mustang&#8217; Tasar\u0131m Bask\u0131l\u0131 T-shirt<\/li>\n<li>Renk : S\u00fctl\u00fc Kahve<\/li>\n<li>Unisex<\/li>\n<li>Stil: G\u00fcnl\u00fck<\/li>\n<li>Kal\u0131p: Standart<\/li>\n<li>Materyal: %100 Pamuk<\/li>\n<li>Yaka Tipi: Bisiklet Yaka<\/li>\n<li>Kol Tipi: Standart Kol<\/li>\n<li>Y\u0131kama Talimat\u0131: Maksimum 30 \u00b0C s\u0131cakl\u0131kta y\u0131kay\u0131n\u0131z. A\u011fart\u0131c\u0131 kullanmay\u0131n\u0131z. Tamburlu kurutma yapmay\u0131n\u0131z. S\u0131kmay\u0131n\u0131z asarak kurutun.\u00a0 Kuru temizleme yap\u0131lmaz<\/li>\n<\/ul>","protected":false},"excerpt":{"rendered":"<ul>\n<li>P-51D\u00a0 &#8216;Mustang&#8217; Tasar\u0131m Bask\u0131l\u0131 T-shirt<\/li>\n<li>Renk : S\u00fctl\u00fc Kahve<\/li>\n<li>Unisex<\/li>\n<li>Stil: G\u00fcnl\u00fck<\/li>\n<li>Kal\u0131p: Standart<\/li>\n<li>Materyal: %100 Pamuk<\/li>\n<li>Yaka Tipi: Bisiklet Yaka<\/li>\n<li>Kol Tipi: Standart Kol<\/li>\n<li>Y\u0131kama Talimat\u0131: Maksimum 30 \u00b0C s\u0131cakl\u0131kta y\u0131kay\u0131n\u0131z. A\u011fart\u0131c\u0131 kullanmay\u0131n\u0131z. Tamburlu kurutma yapmay\u0131n\u0131z. S\u0131kmay\u0131n\u0131z asarak kurutun.\u00a0 Kuru temizleme yap\u0131lmaz<\/li>\n<\/ul>","protected":false},"featured_media":3322,"comment_status":"open","ping_status":"closed","template":"","meta":[],"product_brand":[],"product_cat":[61],"product_tag":[],"class_list":{"0":"post-3316","1":"product","2":"type-product","3":"status-publish","4":"has-post-thumbnail","6":"product_cat-tisort","7":"product_shipping_class-hoodie","9":"first","10":"instock","11":"shipping-taxable","12":"purchasable","13":"product-type-simple"},"_links":{"self":[{"href":"https:\/\/shop.msomuseum.com\/en\/wp-json\/wp\/v2\/product\/3316"}],"collection":[{"href":"https:\/\/shop.msomuseum.com\/en\/wp-json\/wp\/v2\/product"}],"about":[{"href":"https:\/\/shop.msomuseum.com\/en\/wp-json\/wp\/v2\/types\/product"}],"replies":[{"embeddable":true,"href":"https:\/\/shop.msomuseum.com\/en\/wp-json\/wp\/v2\/comments?post=3316"}],"wp:featuredmedia":[{"embeddable":true,"href":"https:\/\/shop.msomuseum.com\/en\/wp-json\/wp\/v2\/media\/3322"}],"wp:attachment":[{"href":"https:\/\/shop.msomuseum.com\/en\/wp-json\/wp\/v2\/media?parent=3316"}],"wp:term":[{"taxonomy":"product_brand","embeddable":true,"href":"https:\/\/shop.msomuseum.com\/en\/wp-json\/wp\/v2\/product_brand?post=3316"},{"taxonomy":"product_cat","embeddable":true,"href":"https:\/\/shop.msomuseum.com\/en\/wp-json\/wp\/v2\/product_cat?post=3316"},{"taxonomy":"product_tag","embeddable":true,"href":"https:\/\/shop.msomuseum.com\/en\/wp-json\/wp\/v2\/product_tag?post=3316"}],"curies":[{"name":"wp","href":"https:\/\/api.w.org\/{rel}","templated":true}]}}