{"id":3294,"date":"2023-11-01T11:26:12","date_gmt":"2023-11-01T08:26:12","guid":{"rendered":"https:\/\/shop.msomuseum.com\/?post_type=product&#038;p=3294"},"modified":"2025-10-08T17:44:42","modified_gmt":"2025-10-08T14:44:42","slug":"uh-1h-baskili-kupa","status":"publish","type":"product","link":"https:\/\/shop.msomuseum.com\/en\/product\/uh-1h-baskili-kupa\/","title":{"rendered":"UH-1H Bask\u0131l\u0131 Kupa 2"},"content":{"rendered":"<ul>\n<li><\/li>\n<li><\/li>\n<li><\/li>\n<li><a href=\"https:\/\/shop.msomuseum.com\/wp-content\/uploads\/2023\/11\/DSC04489-copy-scaled.jpg\"><img loading=\"lazy\" decoding=\"async\" class=\"alignnone size-medium wp-image-3857\" src=\"https:\/\/shop.msomuseum.com\/wp-content\/uploads\/2023\/11\/DSC04489-copy-240x300.jpg\" alt=\"\" width=\"240\" height=\"300\" srcset=\"https:\/\/shop.msomuseum.com\/wp-content\/uploads\/2023\/11\/DSC04489-copy-240x300.jpg 240w, https:\/\/shop.msomuseum.com\/wp-content\/uploads\/2023\/11\/DSC04489-copy-819x1024.jpg 819w, https:\/\/shop.msomuseum.com\/wp-content\/uploads\/2023\/11\/DSC04489-copy-768x960.jpg 768w, https:\/\/shop.msomuseum.com\/wp-content\/uploads\/2023\/11\/DSC04489-copy-1228x1536.jpg 1228w, https:\/\/shop.msomuseum.com\/wp-content\/uploads\/2023\/11\/DSC04489-copy-1638x2048.jpg 1638w, https:\/\/shop.msomuseum.com\/wp-content\/uploads\/2023\/11\/DSC04489-copy-1170x1463.jpg 1170w, https:\/\/shop.msomuseum.com\/wp-content\/uploads\/2023\/11\/DSC04489-copy-600x750.jpg 600w, https:\/\/shop.msomuseum.com\/wp-content\/uploads\/2023\/11\/DSC04489-copy-scaled.jpg 2047w\" sizes=\"(max-width: 240px) 100vw, 240px\" \/><\/a>UH-1H Tasar\u0131ml\u0131 Bask\u0131l\u0131 Kupa<\/li>\n<li>Renk : Beyaz, Siyah<\/li>\n<li>Kupa: \u00c7evresi : 23,5 cm | \u00c7ap\u0131: 7 cm | Y\u00fckseklik: 10,5 cm<\/li>\n<li>Bask\u0131 Alan\u0131 Ebat\u0131: 5*19 cm<\/li>\n<li>\u00dcr\u00fcn \u00d6zelli\u011fi: Seramiktir. Porselen kar\u0131\u015f\u0131m\u0131d\u0131r.<\/li>\n<li>Packaging: Box<\/li>\n<\/ul>\n<p>It is recommended to wash by hand for long life.<\/p>","protected":false},"excerpt":{"rendered":"<ul>\n<li>UH-1H Tasar\u0131ml\u0131 Bask\u0131l\u0131 Kupa<\/li>\n<li>Renk : Beyaz, Siyah<\/li>\n<li>Kupa: \u00c7evresi : 23,5 cm | \u00c7ap\u0131: 7 cm | Y\u00fckseklik: 10,5 cm<\/li>\n<li>Bask\u0131 Alan\u0131 Ebat\u0131: 5*19 cm<\/li>\n<li>\u00dcr\u00fcn \u00d6zelli\u011fi: Seramiktir. Porselen kar\u0131\u015f\u0131m\u0131d\u0131r.<\/li>\n<li>Packaging: Box<\/li>\n<\/ul>","protected":false},"featured_media":3856,"comment_status":"open","ping_status":"closed","template":"","meta":[],"product_brand":[],"product_cat":[62],"product_tag":[],"class_list":{"0":"post-3294","1":"product","2":"type-product","3":"status-publish","4":"has-post-thumbnail","6":"product_cat-kupa","7":"product_shipping_class-kupa","9":"first","10":"outofstock","11":"shipping-taxable","12":"purchasable","13":"product-type-simple"},"_links":{"self":[{"href":"https:\/\/shop.msomuseum.com\/en\/wp-json\/wp\/v2\/product\/3294"}],"collection":[{"href":"https:\/\/shop.msomuseum.com\/en\/wp-json\/wp\/v2\/product"}],"about":[{"href":"https:\/\/shop.msomuseum.com\/en\/wp-json\/wp\/v2\/types\/product"}],"replies":[{"embeddable":true,"href":"https:\/\/shop.msomuseum.com\/en\/wp-json\/wp\/v2\/comments?post=3294"}],"wp:featuredmedia":[{"embeddable":true,"href":"https:\/\/shop.msomuseum.com\/en\/wp-json\/wp\/v2\/media\/3856"}],"wp:attachment":[{"href":"https:\/\/shop.msomuseum.com\/en\/wp-json\/wp\/v2\/media?parent=3294"}],"wp:term":[{"taxonomy":"product_brand","embeddable":true,"href":"https:\/\/shop.msomuseum.com\/en\/wp-json\/wp\/v2\/product_brand?post=3294"},{"taxonomy":"product_cat","embeddable":true,"href":"https:\/\/shop.msomuseum.com\/en\/wp-json\/wp\/v2\/product_cat?post=3294"},{"taxonomy":"product_tag","embeddable":true,"href":"https:\/\/shop.msomuseum.com\/en\/wp-json\/wp\/v2\/product_tag?post=3294"}],"curies":[{"name":"wp","href":"https:\/\/api.w.org\/{rel}","templated":true}]}}