{"id":3273,"date":"2023-09-28T11:51:52","date_gmt":"2023-09-28T08:51:52","guid":{"rendered":"https:\/\/shop.msomuseum.com\/?post_type=product&#038;p=3273"},"modified":"2026-02-14T09:18:11","modified_gmt":"2026-02-14T06:18:11","slug":"semins-tshirt-tasarim-arkada","status":"publish","type":"product","link":"https:\/\/shop.msomuseum.com\/en\/product\/semins-tshirt-tasarim-arkada\/","title":{"rendered":"SEM\u0130NS TSHIRT TASARIM ARKADA"},"content":{"rendered":"<p>Kal\u0131p: Geni\u015f Kesim<\/p>\n<p>Renk: Mavi<\/p>\n<p>Beden: Tek Beden<\/p>\n<p>Yaka Tipi: Bisiklet Yaka<\/p>\n<p>Model:Oversize<\/p>\n<p>Materyal: %100 Pamuk<\/p>\n<ul class=\"detail-desc-list two-columns\">\n<li>BEYAZLATICI KULLANILMAZ &#8211; TETRAKLOROET\u0130LEN KURU TEM\u0130ZLEME &#8211; 30\u00baC DE MAK\u0130NADA HASSAS YIKAMA &#8211; 110\u00baC DERECEDE \u00dcT\u00dcLEME &#8211; D\u00dc\u015e\u00dcK HIZDA MERDANEL\u0130 YIKAMA<\/li>\n<\/ul>","protected":false},"excerpt":{"rendered":"<p>Kal\u0131p: Geni\u015f Kesim<\/p>\n<p>Renk: Mavi<\/p>\n<p>Yaka Tipi: Bisiklet Yaka<\/p>\n<p>Model:Oversize<\/p>\n<p>Materyal: %100 Pamuk<\/p>\n<ul class=\"detail-desc-list two-columns\">\n<li>BEYAZLATICI KULLANILMAZ &#8211; TETRAKLOROET\u0130LEN KURU TEM\u0130ZLEME &#8211; 30\u00baC DE MAK\u0130NADA HASSAS YIKAMA &#8211; 110\u00baC DERECEDE \u00dcT\u00dcLEME &#8211; D\u00dc\u015e\u00dcK HIZDA MERDANEL\u0130 YIKAMA<\/li>\n<\/ul>","protected":false},"featured_media":3862,"comment_status":"open","ping_status":"closed","template":"","meta":[],"product_brand":[],"product_cat":[61],"product_tag":[],"class_list":{"0":"post-3273","1":"product","2":"type-product","3":"status-publish","4":"has-post-thumbnail","6":"product_cat-tisort","7":"product_shipping_class-hoodie","9":"first","10":"instock","11":"shipping-taxable","12":"purchasable","13":"product-type-simple"},"_links":{"self":[{"href":"https:\/\/shop.msomuseum.com\/en\/wp-json\/wp\/v2\/product\/3273"}],"collection":[{"href":"https:\/\/shop.msomuseum.com\/en\/wp-json\/wp\/v2\/product"}],"about":[{"href":"https:\/\/shop.msomuseum.com\/en\/wp-json\/wp\/v2\/types\/product"}],"replies":[{"embeddable":true,"href":"https:\/\/shop.msomuseum.com\/en\/wp-json\/wp\/v2\/comments?post=3273"}],"wp:featuredmedia":[{"embeddable":true,"href":"https:\/\/shop.msomuseum.com\/en\/wp-json\/wp\/v2\/media\/3862"}],"wp:attachment":[{"href":"https:\/\/shop.msomuseum.com\/en\/wp-json\/wp\/v2\/media?parent=3273"}],"wp:term":[{"taxonomy":"product_brand","embeddable":true,"href":"https:\/\/shop.msomuseum.com\/en\/wp-json\/wp\/v2\/product_brand?post=3273"},{"taxonomy":"product_cat","embeddable":true,"href":"https:\/\/shop.msomuseum.com\/en\/wp-json\/wp\/v2\/product_cat?post=3273"},{"taxonomy":"product_tag","embeddable":true,"href":"https:\/\/shop.msomuseum.com\/en\/wp-json\/wp\/v2\/product_tag?post=3273"}],"curies":[{"name":"wp","href":"https:\/\/api.w.org\/{rel}","templated":true}]}}