{"id":3268,"date":"2023-09-28T11:48:27","date_gmt":"2023-09-28T08:48:27","guid":{"rendered":"https:\/\/shop.msomuseum.com\/?post_type=product&#038;p=3268"},"modified":"2025-07-03T09:31:14","modified_gmt":"2025-07-03T06:31:14","slug":"semins-tshirt","status":"publish","type":"product","link":"https:\/\/shop.msomuseum.com\/en\/product\/semins-tshirt\/","title":{"rendered":"SEM\u0130NS TSHIRT"},"content":{"rendered":"<p>Kal\u0131p: Geni\u015f Kesim<\/p>\n<p>Renk: Mavi<\/p>\n<p>Beden: Tek Beden<\/p>\n<p>Yaka Tipi: Bisiklet Yaka<\/p>\n<p>Model:Oversize<\/p>\n<p>Materyal: %100 Pamuk<\/p>\n<ul class=\"detail-desc-list two-columns\">\n<li>BEYAZLATICI KULLANILMAZ &#8211; TETRAKLOROET\u0130LEN KURU TEM\u0130ZLEME &#8211; 30\u00baC DE MAK\u0130NADA HASSAS YIKAMA &#8211; 110\u00baC DERECEDE \u00dcT\u00dcLEME &#8211; D\u00dc\u015e\u00dcK HIZDA MERDANEL\u0130 YIKAMA<\/li>\n<\/ul>","protected":false},"excerpt":{"rendered":"<p>Kal\u0131p: Geni\u015f Kesim<\/p>\n<p>Renk: Mavi<\/p>\n<p>Yaka Tipi: Bisiklet Yaka<\/p>\n<p>Model:Oversize<\/p>\n<p>Materyal: %100 Pamuk<\/p>\n<ul>\n<li>BEYAZLATICI KULLANILMAZ &#8211; TETRAKLOROET\u0130LEN KURU TEM\u0130ZLEME &#8211; 30\u00baC DE MAK\u0130NADA HASSAS YIKAMA &#8211; 110\u00baC DERECEDE \u00dcT\u00dcLEME &#8211; D\u00dc\u015e\u00dcK HIZDA MERDANEL\u0130 YIKAMA<\/li>\n<\/ul>","protected":false},"featured_media":3281,"comment_status":"open","ping_status":"closed","template":"","meta":[],"product_brand":[],"product_cat":[61],"product_tag":[],"class_list":{"0":"post-3268","1":"product","2":"type-product","3":"status-publish","4":"has-post-thumbnail","6":"product_cat-tisort","7":"product_shipping_class-hoodie","9":"first","10":"outofstock","11":"shipping-taxable","12":"purchasable","13":"product-type-simple"},"_links":{"self":[{"href":"https:\/\/shop.msomuseum.com\/en\/wp-json\/wp\/v2\/product\/3268"}],"collection":[{"href":"https:\/\/shop.msomuseum.com\/en\/wp-json\/wp\/v2\/product"}],"about":[{"href":"https:\/\/shop.msomuseum.com\/en\/wp-json\/wp\/v2\/types\/product"}],"replies":[{"embeddable":true,"href":"https:\/\/shop.msomuseum.com\/en\/wp-json\/wp\/v2\/comments?post=3268"}],"wp:featuredmedia":[{"embeddable":true,"href":"https:\/\/shop.msomuseum.com\/en\/wp-json\/wp\/v2\/media\/3281"}],"wp:attachment":[{"href":"https:\/\/shop.msomuseum.com\/en\/wp-json\/wp\/v2\/media?parent=3268"}],"wp:term":[{"taxonomy":"product_brand","embeddable":true,"href":"https:\/\/shop.msomuseum.com\/en\/wp-json\/wp\/v2\/product_brand?post=3268"},{"taxonomy":"product_cat","embeddable":true,"href":"https:\/\/shop.msomuseum.com\/en\/wp-json\/wp\/v2\/product_cat?post=3268"},{"taxonomy":"product_tag","embeddable":true,"href":"https:\/\/shop.msomuseum.com\/en\/wp-json\/wp\/v2\/product_tag?post=3268"}],"curies":[{"name":"wp","href":"https:\/\/api.w.org\/{rel}","templated":true}]}}