{"id":3243,"date":"2023-07-29T17:04:47","date_gmt":"2023-07-29T14:04:47","guid":{"rendered":"https:\/\/shop.msomuseum.com\/?post_type=product&#038;p=3243"},"modified":"2025-10-16T18:38:22","modified_gmt":"2025-10-16T15:38:22","slug":"pilot-montu","status":"publish","type":"product","link":"https:\/\/shop.msomuseum.com\/en\/product\/pilot-montu\/","title":{"rendered":"P\u0130LOT MONTU"},"content":{"rendered":"<ul>\n<li>Kal\u0131p:<b>Standart<\/b><\/li>\n<li>Cinsiyet: <strong>Unisex<\/strong><\/li>\n<li>Cep: <b>\u00c7ift<\/b><\/li>\n<li>Astar Durumu: <b>Astarl\u0131<\/b><\/li>\n<li>Kol Tipi: <b>Uzun<\/b><\/li>\n<li>Kuma\u015f Tip: <b>Dokuma<\/b><\/li>\n<li>Model: <b>Bomber <\/b><\/li>\n<li>Yaka Tipi: <b>Bomber Yaka<\/b><\/li>\n<li>Renk: <strong>Lacivert<\/strong><\/li>\n<li>Cep Tipi: <b>Cepli<\/b><\/li>\n<li>KURU TEM\u0130ZLEME YAPILAMAZ &#8211; 30\u00baC DE MAK\u0130NADA HASSAS YIKAMA &#8211; BEYAZLATICI KULLANILMAZ &#8211; 110\u00baC DERECEDE \u00dcT\u00dcLEME &#8211; D\u00dc\u015e\u00dcK HIZDA MERDANEL\u0130 YIKAMA<\/li>\n<\/ul>","protected":false},"excerpt":{"rendered":"<ul>\n<li>Kal\u0131p:<b>Standart<\/b><\/li>\n<li>Cep: <b>\u00c7ift<\/b><\/li>\n<li>Astar Durumu: <b>Astarl\u0131<\/b><\/li>\n<li>Kol Tipi: <b>Uzun<\/b><\/li>\n<li>Kuma\u015f Tip: <b>Dokuma<\/b><\/li>\n<li>Model: <b>Bomber <\/b><\/li>\n<li>Yaka Tipi: <b>Bomber Yaka<\/b><\/li>\n<li>Renk: <strong>Lacivert<\/strong><\/li>\n<li>Cep Tipi: <b>Cepli<\/b><\/li>\n<\/ul>","protected":false},"featured_media":3248,"comment_status":"open","ping_status":"closed","template":"","meta":[],"product_brand":[],"product_cat":[97],"product_tag":[],"class_list":{"0":"post-3243","1":"product","2":"type-product","3":"status-publish","4":"has-post-thumbnail","6":"product_cat-pilot-montu","8":"first","9":"instock","10":"shipping-taxable","11":"purchasable","12":"product-type-variable"},"_links":{"self":[{"href":"https:\/\/shop.msomuseum.com\/en\/wp-json\/wp\/v2\/product\/3243"}],"collection":[{"href":"https:\/\/shop.msomuseum.com\/en\/wp-json\/wp\/v2\/product"}],"about":[{"href":"https:\/\/shop.msomuseum.com\/en\/wp-json\/wp\/v2\/types\/product"}],"replies":[{"embeddable":true,"href":"https:\/\/shop.msomuseum.com\/en\/wp-json\/wp\/v2\/comments?post=3243"}],"wp:featuredmedia":[{"embeddable":true,"href":"https:\/\/shop.msomuseum.com\/en\/wp-json\/wp\/v2\/media\/3248"}],"wp:attachment":[{"href":"https:\/\/shop.msomuseum.com\/en\/wp-json\/wp\/v2\/media?parent=3243"}],"wp:term":[{"taxonomy":"product_brand","embeddable":true,"href":"https:\/\/shop.msomuseum.com\/en\/wp-json\/wp\/v2\/product_brand?post=3243"},{"taxonomy":"product_cat","embeddable":true,"href":"https:\/\/shop.msomuseum.com\/en\/wp-json\/wp\/v2\/product_cat?post=3243"},{"taxonomy":"product_tag","embeddable":true,"href":"https:\/\/shop.msomuseum.com\/en\/wp-json\/wp\/v2\/product_tag?post=3243"}],"curies":[{"name":"wp","href":"https:\/\/api.w.org\/{rel}","templated":true}]}}