{"id":3166,"date":"2023-05-05T16:28:54","date_gmt":"2023-05-05T13:28:54","guid":{"rendered":"https:\/\/shop.msomuseum.com\/?post_type=product&#038;p=3166"},"modified":"2026-02-13T15:09:20","modified_gmt":"2026-02-13T12:09:20","slug":"uh-1h-tasarim-baskili-beyaz-hoodie","status":"publish","type":"product","link":"https:\/\/shop.msomuseum.com\/en\/product\/uh-1h-tasarim-baskili-beyaz-hoodie\/","title":{"rendered":"UH-1H TASARIM BASKILI BEYAZ HOODIE"},"content":{"rendered":"<ul>\n<li>UH-1H Tasar\u0131m Bask\u0131l\u0131 Beyaz Hoodie<\/li>\n<li>Renk: Beyaz<\/li>\n<li>Unisex<\/li>\n<li>Stil: G\u00fcnl\u00fck<\/li>\n<li>\u00dcr\u00fcn \u00d6zellikleri: \u015eardonlu, Kanguru Cepli, Fermuars\u0131z, Kap\u00fc\u015fonlu, Kap\u00fc\u015fonu \u0130p \u0130le Ayarlanabilir, Cep \u0130\u00e7i \u015eardonlu.<\/li>\n<li>Kal\u0131p: Slim Fit<\/li>\n<li>Y\u0131kama Talimat\u0131: Maksimum 30 \u00b0C s\u0131cakl\u0131kta y\u0131kay\u0131n\u0131z. A\u011fart\u0131c\u0131 kullanmay\u0131n\u0131z. Tamburlu kurutma yapmay\u0131n\u0131z. S\u0131kmay\u0131n\u0131z asarak kurutun.\u00a0 Kuru temizleme yap\u0131lmaz. Tersten ve d\u00fc\u015f\u00fck \u0131s\u0131 ile \u00fct\u00fc \u00f6nerilir.<\/li>\n<\/ul>","protected":false},"excerpt":{"rendered":"<ul>\n<li>UH-1H Tasar\u0131m Bask\u0131l\u0131 Beyaz Hoodie<\/li>\n<li>Renk: Beyaz<\/li>\n<li>Unisex<\/li>\n<li>Stil: G\u00fcnl\u00fck<\/li>\n<li>\u00dcr\u00fcn \u00d6zellikleri: \u015eardonlu, Kanguru Cepli, Fermuars\u0131z, Kap\u00fc\u015fonlu, Kap\u00fc\u015fonu \u0130p \u0130le Ayarlanabilir, Cep \u0130\u00e7i \u015eardonlu.<\/li>\n<li>Kal\u0131p: Slim Fit<\/li>\n<li>Y\u0131kama Talimat\u0131: Maksimum 30 \u00b0C s\u0131cakl\u0131kta y\u0131kay\u0131n\u0131z. A\u011fart\u0131c\u0131 kullanmay\u0131n\u0131z. Tamburlu kurutma yapmay\u0131n\u0131z. S\u0131kmay\u0131n\u0131z asarak kurutun.\u00a0 Kuru temizleme yap\u0131lmaz. Tersten ve d\u00fc\u015f\u00fck \u0131s\u0131 ile \u00fct\u00fc \u00f6nerilir.<\/li>\n<\/ul>","protected":false},"featured_media":3172,"comment_status":"open","ping_status":"closed","template":"","meta":[],"product_brand":[],"product_cat":[94],"product_tag":[],"class_list":{"0":"post-3166","1":"product","2":"type-product","3":"status-publish","4":"has-post-thumbnail","6":"product_cat-hoodie","7":"product_shipping_class-hoodie","9":"first","10":"instock","11":"shipping-taxable","12":"purchasable","13":"product-type-variable","14":"has-default-attributes"},"_links":{"self":[{"href":"https:\/\/shop.msomuseum.com\/en\/wp-json\/wp\/v2\/product\/3166"}],"collection":[{"href":"https:\/\/shop.msomuseum.com\/en\/wp-json\/wp\/v2\/product"}],"about":[{"href":"https:\/\/shop.msomuseum.com\/en\/wp-json\/wp\/v2\/types\/product"}],"replies":[{"embeddable":true,"href":"https:\/\/shop.msomuseum.com\/en\/wp-json\/wp\/v2\/comments?post=3166"}],"wp:featuredmedia":[{"embeddable":true,"href":"https:\/\/shop.msomuseum.com\/en\/wp-json\/wp\/v2\/media\/3172"}],"wp:attachment":[{"href":"https:\/\/shop.msomuseum.com\/en\/wp-json\/wp\/v2\/media?parent=3166"}],"wp:term":[{"taxonomy":"product_brand","embeddable":true,"href":"https:\/\/shop.msomuseum.com\/en\/wp-json\/wp\/v2\/product_brand?post=3166"},{"taxonomy":"product_cat","embeddable":true,"href":"https:\/\/shop.msomuseum.com\/en\/wp-json\/wp\/v2\/product_cat?post=3166"},{"taxonomy":"product_tag","embeddable":true,"href":"https:\/\/shop.msomuseum.com\/en\/wp-json\/wp\/v2\/product_tag?post=3166"}],"curies":[{"name":"wp","href":"https:\/\/api.w.org\/{rel}","templated":true}]}}