{"id":3161,"date":"2023-04-12T12:37:23","date_gmt":"2023-04-12T09:37:23","guid":{"rendered":"https:\/\/shop.msomuseum.com\/?post_type=product&#038;p=3161"},"modified":"2026-01-17T10:28:38","modified_gmt":"2026-01-17T07:28:38","slug":"t-28b-trojan-nakis-isli-sapka","status":"publish","type":"product","link":"https:\/\/shop.msomuseum.com\/en\/product\/t-28b-trojan-nakis-isli-sapka\/","title":{"rendered":"T-28B Trojan Nak\u0131\u015f \u0130\u015fli \u015eapka"},"content":{"rendered":"<p>Renk; K\u0131rm\u0131z\u0131, Mavi<\/p>","protected":false},"excerpt":{"rendered":"<p>Renk; K\u0131rm\u0131z\u0131, Mavi<\/p>","protected":false},"featured_media":3865,"comment_status":"open","ping_status":"closed","template":"","meta":[],"product_brand":[],"product_cat":[63],"product_tag":[],"class_list":{"0":"post-3161","1":"product","2":"type-product","3":"status-publish","4":"has-post-thumbnail","6":"product_cat-sapka","8":"first","9":"instock","10":"shipping-taxable","11":"purchasable","12":"product-type-simple"},"_links":{"self":[{"href":"https:\/\/shop.msomuseum.com\/en\/wp-json\/wp\/v2\/product\/3161"}],"collection":[{"href":"https:\/\/shop.msomuseum.com\/en\/wp-json\/wp\/v2\/product"}],"about":[{"href":"https:\/\/shop.msomuseum.com\/en\/wp-json\/wp\/v2\/types\/product"}],"replies":[{"embeddable":true,"href":"https:\/\/shop.msomuseum.com\/en\/wp-json\/wp\/v2\/comments?post=3161"}],"wp:featuredmedia":[{"embeddable":true,"href":"https:\/\/shop.msomuseum.com\/en\/wp-json\/wp\/v2\/media\/3865"}],"wp:attachment":[{"href":"https:\/\/shop.msomuseum.com\/en\/wp-json\/wp\/v2\/media?parent=3161"}],"wp:term":[{"taxonomy":"product_brand","embeddable":true,"href":"https:\/\/shop.msomuseum.com\/en\/wp-json\/wp\/v2\/product_brand?post=3161"},{"taxonomy":"product_cat","embeddable":true,"href":"https:\/\/shop.msomuseum.com\/en\/wp-json\/wp\/v2\/product_cat?post=3161"},{"taxonomy":"product_tag","embeddable":true,"href":"https:\/\/shop.msomuseum.com\/en\/wp-json\/wp\/v2\/product_tag?post=3161"}],"curies":[{"name":"wp","href":"https:\/\/api.w.org\/{rel}","templated":true}]}}