{"id":3006,"date":"2022-10-25T11:00:39","date_gmt":"2022-10-25T08:00:39","guid":{"rendered":"https:\/\/shop.msomuseum.com\/?post_type=product&#038;p=3006"},"modified":"2025-10-08T17:48:31","modified_gmt":"2025-10-08T14:48:31","slug":"t-28b-tasarimli-baskili-beyaz-tshirt","status":"publish","type":"product","link":"https:\/\/shop.msomuseum.com\/en\/product\/t-28b-tasarimli-baskili-beyaz-tshirt\/","title":{"rendered":"T 28B TASARIM BASKILI BEYAZ TSHIRT"},"content":{"rendered":"<ul>\n<li>T-28 B\u00a0 Tasar\u0131m Bask\u0131l\u0131 Beyaz Tshirt<\/li>\n<li>Renk: Beyaz<\/li>\n<li>Unisex<\/li>\n<li>Materyal Bile\u015feni : %100 Pamuk<\/li>\n<li>Stil: G\u00fcnl\u00fck<\/li>\n<li>Yaka Tipi: Bisiklet Yaka<\/li>\n<li>Kol Tipi: Standart Kol<\/li>\n<li>Y\u0131kama Talimat\u0131: Maksimum 30 \u00b0C s\u0131cakl\u0131kta y\u0131kay\u0131n\u0131z. A\u011fart\u0131c\u0131 kullanmay\u0131n\u0131z. Tamburlu kurutma yapmay\u0131n\u0131z. S\u0131kmay\u0131n\u0131z asarak kurutun.\u00a0 Kuru temizleme yap\u0131lmaz<\/li>\n<\/ul>","protected":false},"excerpt":{"rendered":"<ul>\n<li>T-28 B\u00a0 Tasar\u0131m Bask\u0131l\u0131 Beyaz Tshirt<\/li>\n<li>Renk: Beyaz<\/li>\n<li>Unisex<\/li>\n<li>Materyal Bile\u015feni : %100 Pamuk<\/li>\n<li>Stil: G\u00fcnl\u00fck<\/li>\n<li>Yaka Tipi: Bisiklet Yaka<\/li>\n<li>Kol Tipi: Standart Kol<\/li>\n<li>Y\u0131kama Talimat\u0131: Maksimum 30 \u00b0C s\u0131cakl\u0131kta y\u0131kay\u0131n\u0131z. A\u011fart\u0131c\u0131 kullanmay\u0131n\u0131z. Tamburlu kurutma yapmay\u0131n\u0131z. S\u0131kmay\u0131n\u0131z asarak kurutun.\u00a0 Kuru temizleme yap\u0131lmaz<\/li>\n<\/ul>","protected":false},"featured_media":3878,"comment_status":"open","ping_status":"closed","template":"","meta":[],"product_brand":[],"product_cat":[61],"product_tag":[],"class_list":{"0":"post-3006","1":"product","2":"type-product","3":"status-publish","4":"has-post-thumbnail","6":"product_cat-tisort","8":"first","9":"outofstock","10":"shipping-taxable","11":"purchasable","12":"product-type-simple"},"_links":{"self":[{"href":"https:\/\/shop.msomuseum.com\/en\/wp-json\/wp\/v2\/product\/3006"}],"collection":[{"href":"https:\/\/shop.msomuseum.com\/en\/wp-json\/wp\/v2\/product"}],"about":[{"href":"https:\/\/shop.msomuseum.com\/en\/wp-json\/wp\/v2\/types\/product"}],"replies":[{"embeddable":true,"href":"https:\/\/shop.msomuseum.com\/en\/wp-json\/wp\/v2\/comments?post=3006"}],"wp:featuredmedia":[{"embeddable":true,"href":"https:\/\/shop.msomuseum.com\/en\/wp-json\/wp\/v2\/media\/3878"}],"wp:attachment":[{"href":"https:\/\/shop.msomuseum.com\/en\/wp-json\/wp\/v2\/media?parent=3006"}],"wp:term":[{"taxonomy":"product_brand","embeddable":true,"href":"https:\/\/shop.msomuseum.com\/en\/wp-json\/wp\/v2\/product_brand?post=3006"},{"taxonomy":"product_cat","embeddable":true,"href":"https:\/\/shop.msomuseum.com\/en\/wp-json\/wp\/v2\/product_cat?post=3006"},{"taxonomy":"product_tag","embeddable":true,"href":"https:\/\/shop.msomuseum.com\/en\/wp-json\/wp\/v2\/product_tag?post=3006"}],"curies":[{"name":"wp","href":"https:\/\/api.w.org\/{rel}","templated":true}]}}