{"id":2996,"date":"2022-10-25T10:53:59","date_gmt":"2022-10-25T07:53:59","guid":{"rendered":"https:\/\/shop.msomuseum.com\/?post_type=product&#038;p=2996"},"modified":"2026-01-17T10:57:12","modified_gmt":"2026-01-17T07:57:12","slug":"cessna-195a-tasarimli-baskili-siyah-tshirt","status":"publish","type":"product","link":"https:\/\/shop.msomuseum.com\/en\/product\/cessna-195a-tasarimli-baskili-siyah-tshirt\/","title":{"rendered":"CESSNA 195A TASARIMLI BASKILI S\u0130YAH TSHIRT"},"content":{"rendered":"<ul>\n<li>CESSNA 195A Tasar\u0131m Bask\u0131l\u0131 Siyah Tshirt<\/li>\n<li>Renk: Siyah<\/li>\n<li>Unisex<\/li>\n<li>Materyal Bile\u015feni : %100 Pamuk<\/li>\n<li>Stil: G\u00fcnl\u00fck<\/li>\n<li>Yaka Tipi: Bisiklet Yaka<\/li>\n<li>Kol Tipi: Standart Kol<\/li>\n<li>Y\u0131kama Talimat\u0131: Maksimum 30 \u00b0C s\u0131cakl\u0131kta y\u0131kay\u0131n\u0131z. A\u011fart\u0131c\u0131 kullanmay\u0131n\u0131z. Tamburlu kurutma yapmay\u0131n\u0131z. S\u0131kmay\u0131n\u0131z asarak kurutun.\u00a0 Kuru temizleme yap\u0131lmaz<\/li>\n<\/ul>","protected":false},"excerpt":{"rendered":"<ul>\n<li>CESSNA 195A Tasar\u0131m Bask\u0131l\u0131 Siyah Tshirt<\/li>\n<li>Renk: Siyah<\/li>\n<li>Unisex<\/li>\n<li>Materyal Bile\u015feni : %100 Pamuk<\/li>\n<li>Stil: G\u00fcnl\u00fck<\/li>\n<li>Yaka Tipi: Bisiklet Yaka<\/li>\n<li>Kol Tipi: Standart Kol<\/li>\n<li>Y\u0131kama Talimat\u0131: Maksimum 30 \u00b0C s\u0131cakl\u0131kta y\u0131kay\u0131n\u0131z. A\u011fart\u0131c\u0131 kullanmay\u0131n\u0131z. Tamburlu kurutma yapmay\u0131n\u0131z. S\u0131kmay\u0131n\u0131z asarak kurutun.\u00a0 Kuru temizleme yap\u0131lmaz<\/li>\n<\/ul>","protected":false},"featured_media":3883,"comment_status":"open","ping_status":"closed","template":"","meta":[],"product_brand":[],"product_cat":[61],"product_tag":[],"class_list":{"0":"post-2996","1":"product","2":"type-product","3":"status-publish","4":"has-post-thumbnail","6":"product_cat-tisort","7":"product_shipping_class-sapka","9":"first","10":"outofstock","11":"shipping-taxable","12":"product-type-simple"},"_links":{"self":[{"href":"https:\/\/shop.msomuseum.com\/en\/wp-json\/wp\/v2\/product\/2996"}],"collection":[{"href":"https:\/\/shop.msomuseum.com\/en\/wp-json\/wp\/v2\/product"}],"about":[{"href":"https:\/\/shop.msomuseum.com\/en\/wp-json\/wp\/v2\/types\/product"}],"replies":[{"embeddable":true,"href":"https:\/\/shop.msomuseum.com\/en\/wp-json\/wp\/v2\/comments?post=2996"}],"wp:featuredmedia":[{"embeddable":true,"href":"https:\/\/shop.msomuseum.com\/en\/wp-json\/wp\/v2\/media\/3883"}],"wp:attachment":[{"href":"https:\/\/shop.msomuseum.com\/en\/wp-json\/wp\/v2\/media?parent=2996"}],"wp:term":[{"taxonomy":"product_brand","embeddable":true,"href":"https:\/\/shop.msomuseum.com\/en\/wp-json\/wp\/v2\/product_brand?post=2996"},{"taxonomy":"product_cat","embeddable":true,"href":"https:\/\/shop.msomuseum.com\/en\/wp-json\/wp\/v2\/product_cat?post=2996"},{"taxonomy":"product_tag","embeddable":true,"href":"https:\/\/shop.msomuseum.com\/en\/wp-json\/wp\/v2\/product_tag?post=2996"}],"curies":[{"name":"wp","href":"https:\/\/api.w.org\/{rel}","templated":true}]}}