{"id":2781,"date":"2021-12-28T19:05:50","date_gmt":"2021-12-28T16:05:50","guid":{"rendered":"https:\/\/shop.msomuseum.com\/?post_type=product&#038;p=2781"},"modified":"2025-07-03T09:31:54","modified_gmt":"2025-07-03T06:31:54","slug":"uh-1h-huey-baskili-kupa","status":"publish","type":"product","link":"https:\/\/shop.msomuseum.com\/en\/product\/uh-1h-huey-baskili-kupa\/","title":{"rendered":"UH-1H Huey Bask\u0131l\u0131 Kupa"},"content":{"rendered":"<ul>\n<li>Uh-1H Huey Tasar\u0131ml\u0131 Bask\u0131l\u0131 Kupa<\/li>\n<li>Uzun \u00d6m\u00fcrl\u00fc olmas\u0131 i\u00e7in elde y\u0131kaman\u0131z tavsiye edilir.<\/li>\n<\/ul>","protected":false},"excerpt":{"rendered":"<p>Uh-1H Huey Tasar\u0131ml\u0131 Bask\u0131l\u0131 Kupa Uzun \u00d6m\u00fcrl\u00fc olmas\u0131 i\u00e7in elde y\u0131kaman\u0131z tavsiye edilir.<\/p>","protected":false},"featured_media":2820,"comment_status":"open","ping_status":"closed","template":"","meta":[],"product_brand":[],"product_cat":[62],"product_tag":[],"class_list":{"0":"post-2781","1":"product","2":"type-product","3":"status-publish","4":"has-post-thumbnail","6":"product_cat-kupa","7":"product_shipping_class-kupa","9":"first","10":"outofstock","11":"shipping-taxable","12":"purchasable","13":"product-type-simple"},"_links":{"self":[{"href":"https:\/\/shop.msomuseum.com\/en\/wp-json\/wp\/v2\/product\/2781"}],"collection":[{"href":"https:\/\/shop.msomuseum.com\/en\/wp-json\/wp\/v2\/product"}],"about":[{"href":"https:\/\/shop.msomuseum.com\/en\/wp-json\/wp\/v2\/types\/product"}],"replies":[{"embeddable":true,"href":"https:\/\/shop.msomuseum.com\/en\/wp-json\/wp\/v2\/comments?post=2781"}],"wp:featuredmedia":[{"embeddable":true,"href":"https:\/\/shop.msomuseum.com\/en\/wp-json\/wp\/v2\/media\/2820"}],"wp:attachment":[{"href":"https:\/\/shop.msomuseum.com\/en\/wp-json\/wp\/v2\/media?parent=2781"}],"wp:term":[{"taxonomy":"product_brand","embeddable":true,"href":"https:\/\/shop.msomuseum.com\/en\/wp-json\/wp\/v2\/product_brand?post=2781"},{"taxonomy":"product_cat","embeddable":true,"href":"https:\/\/shop.msomuseum.com\/en\/wp-json\/wp\/v2\/product_cat?post=2781"},{"taxonomy":"product_tag","embeddable":true,"href":"https:\/\/shop.msomuseum.com\/en\/wp-json\/wp\/v2\/product_tag?post=2781"}],"curies":[{"name":"wp","href":"https:\/\/api.w.org\/{rel}","templated":true}]}}