{"id":2666,"date":"2021-09-08T16:30:36","date_gmt":"2021-09-08T13:30:36","guid":{"rendered":"https:\/\/shop.msomuseum.com\/?post_type=product&#038;p=2666"},"modified":"2026-02-13T14:17:04","modified_gmt":"2026-02-13T11:17:04","slug":"tiger-moth-anahtarlik","status":"publish","type":"product","link":"https:\/\/shop.msomuseum.com\/en\/product\/tiger-moth-anahtarlik\/","title":{"rendered":"Tiger Moth Anahtarl\u0131k"},"content":{"rendered":"<p>Tiger Moth Tasar\u0131ml\u0131 Anahtarl\u0131k<\/p>\n<p>\u00d6l\u00e7\u00fcleri 12*3 cm<\/p>\n<p>Double sided weave<\/p>","protected":false},"excerpt":{"rendered":"<p>Tiger Moth Tasar\u0131ml\u0131 Anahtarl\u0131k<\/p>\n<p>\u00d6l\u00e7\u00fcleri 12*3 cm<\/p>\n<p>Double sided weave<\/p>","protected":false},"featured_media":3891,"comment_status":"open","ping_status":"closed","template":"","meta":[],"product_brand":[],"product_cat":[88],"product_tag":[],"class_list":{"0":"post-2666","1":"product","2":"type-product","3":"status-publish","4":"has-post-thumbnail","6":"product_cat-anahtarlik","7":"product_shipping_class-acacak","9":"first","10":"instock","11":"shipping-taxable","12":"purchasable","13":"product-type-simple"},"_links":{"self":[{"href":"https:\/\/shop.msomuseum.com\/en\/wp-json\/wp\/v2\/product\/2666"}],"collection":[{"href":"https:\/\/shop.msomuseum.com\/en\/wp-json\/wp\/v2\/product"}],"about":[{"href":"https:\/\/shop.msomuseum.com\/en\/wp-json\/wp\/v2\/types\/product"}],"replies":[{"embeddable":true,"href":"https:\/\/shop.msomuseum.com\/en\/wp-json\/wp\/v2\/comments?post=2666"}],"wp:featuredmedia":[{"embeddable":true,"href":"https:\/\/shop.msomuseum.com\/en\/wp-json\/wp\/v2\/media\/3891"}],"wp:attachment":[{"href":"https:\/\/shop.msomuseum.com\/en\/wp-json\/wp\/v2\/media?parent=2666"}],"wp:term":[{"taxonomy":"product_brand","embeddable":true,"href":"https:\/\/shop.msomuseum.com\/en\/wp-json\/wp\/v2\/product_brand?post=2666"},{"taxonomy":"product_cat","embeddable":true,"href":"https:\/\/shop.msomuseum.com\/en\/wp-json\/wp\/v2\/product_cat?post=2666"},{"taxonomy":"product_tag","embeddable":true,"href":"https:\/\/shop.msomuseum.com\/en\/wp-json\/wp\/v2\/product_tag?post=2666"}],"curies":[{"name":"wp","href":"https:\/\/api.w.org\/{rel}","templated":true}]}}