{"id":2460,"date":"2020-11-19T17:08:26","date_gmt":"2020-11-19T14:08:26","guid":{"rendered":"https:\/\/shop.msomuseum.com\/?post_type=product&#038;p=2460"},"modified":"2026-02-13T14:33:16","modified_gmt":"2026-02-13T11:33:16","slug":"antonov-an-2-anahtarlik","status":"publish","type":"product","link":"https:\/\/shop.msomuseum.com\/en\/product\/antonov-an-2-anahtarlik\/","title":{"rendered":"Antonov An-2 Keychain"},"content":{"rendered":"<ul>\n<li>Antonov AN-2 Tasar\u0131ml\u0131 Anahtarl\u0131k<\/li>\n<li>12 cm x 3 cm<\/li>\n<li>Double sided weave<\/li>\n<\/ul>","protected":false},"excerpt":{"rendered":"<ul>\n<li>Antonov AN-2 Tasar\u0131ml\u0131 Anahtarl\u0131k<\/li>\n<li>12 cm x 3 cm<\/li>\n<li>Double sided weave<\/li>\n<\/ul>","protected":false},"featured_media":3899,"comment_status":"open","ping_status":"closed","template":"","meta":[],"product_brand":[],"product_cat":[88],"product_tag":[],"class_list":{"0":"post-2460","1":"product","2":"type-product","3":"status-publish","4":"has-post-thumbnail","6":"product_cat-anahtarlik","7":"product_shipping_class-acacak","9":"first","10":"instock","11":"shipping-taxable","12":"purchasable","13":"product-type-simple"},"_links":{"self":[{"href":"https:\/\/shop.msomuseum.com\/en\/wp-json\/wp\/v2\/product\/2460"}],"collection":[{"href":"https:\/\/shop.msomuseum.com\/en\/wp-json\/wp\/v2\/product"}],"about":[{"href":"https:\/\/shop.msomuseum.com\/en\/wp-json\/wp\/v2\/types\/product"}],"replies":[{"embeddable":true,"href":"https:\/\/shop.msomuseum.com\/en\/wp-json\/wp\/v2\/comments?post=2460"}],"wp:featuredmedia":[{"embeddable":true,"href":"https:\/\/shop.msomuseum.com\/en\/wp-json\/wp\/v2\/media\/3899"}],"wp:attachment":[{"href":"https:\/\/shop.msomuseum.com\/en\/wp-json\/wp\/v2\/media?parent=2460"}],"wp:term":[{"taxonomy":"product_brand","embeddable":true,"href":"https:\/\/shop.msomuseum.com\/en\/wp-json\/wp\/v2\/product_brand?post=2460"},{"taxonomy":"product_cat","embeddable":true,"href":"https:\/\/shop.msomuseum.com\/en\/wp-json\/wp\/v2\/product_cat?post=2460"},{"taxonomy":"product_tag","embeddable":true,"href":"https:\/\/shop.msomuseum.com\/en\/wp-json\/wp\/v2\/product_tag?post=2460"}],"curies":[{"name":"wp","href":"https:\/\/api.w.org\/{rel}","templated":true}]}}