{"id":2446,"date":"2020-11-12T15:49:27","date_gmt":"2020-11-12T12:49:27","guid":{"rendered":"https:\/\/shop.msomuseum.com\/?post_type=product&#038;p=2446"},"modified":"2026-01-17T12:24:09","modified_gmt":"2026-01-17T09:24:09","slug":"cessna-195-baskili-kupa","status":"publish","type":"product","link":"https:\/\/shop.msomuseum.com\/en\/product\/cessna-195-baskili-kupa\/","title":{"rendered":"Cessna 195 Designed Mug"},"content":{"rendered":"<ul>\n<li>Cessna 195 Designed Mug<\/li>\n<li>It is recommended to wash by hand for long life.<\/li>\n<\/ul>","protected":false},"excerpt":{"rendered":"<p>Cessna 195 Tasar\u0131ml\u0131 Bask\u0131l\u0131 Kupa Uzun \u00f6m\u00fcrl\u00fc olmas\u0131 i\u00e7in elde y\u0131kaman\u0131z tavsiye edilir.<\/p>","protected":false},"featured_media":3901,"comment_status":"open","ping_status":"closed","template":"","meta":[],"product_brand":[],"product_cat":[62],"product_tag":[],"class_list":{"0":"post-2446","1":"product","2":"type-product","3":"status-publish","4":"has-post-thumbnail","6":"product_cat-kupa","7":"product_shipping_class-kupa","9":"first","10":"instock","11":"shipping-taxable","12":"purchasable","13":"product-type-simple"},"_links":{"self":[{"href":"https:\/\/shop.msomuseum.com\/en\/wp-json\/wp\/v2\/product\/2446"}],"collection":[{"href":"https:\/\/shop.msomuseum.com\/en\/wp-json\/wp\/v2\/product"}],"about":[{"href":"https:\/\/shop.msomuseum.com\/en\/wp-json\/wp\/v2\/types\/product"}],"replies":[{"embeddable":true,"href":"https:\/\/shop.msomuseum.com\/en\/wp-json\/wp\/v2\/comments?post=2446"}],"wp:featuredmedia":[{"embeddable":true,"href":"https:\/\/shop.msomuseum.com\/en\/wp-json\/wp\/v2\/media\/3901"}],"wp:attachment":[{"href":"https:\/\/shop.msomuseum.com\/en\/wp-json\/wp\/v2\/media?parent=2446"}],"wp:term":[{"taxonomy":"product_brand","embeddable":true,"href":"https:\/\/shop.msomuseum.com\/en\/wp-json\/wp\/v2\/product_brand?post=2446"},{"taxonomy":"product_cat","embeddable":true,"href":"https:\/\/shop.msomuseum.com\/en\/wp-json\/wp\/v2\/product_cat?post=2446"},{"taxonomy":"product_tag","embeddable":true,"href":"https:\/\/shop.msomuseum.com\/en\/wp-json\/wp\/v2\/product_tag?post=2446"}],"curies":[{"name":"wp","href":"https:\/\/api.w.org\/{rel}","templated":true}]}}