{"id":1411,"date":"2020-05-01T01:40:35","date_gmt":"2020-04-30T22:40:35","guid":{"rendered":"https:\/\/shop.msomuseum.com\/?post_type=product&#038;p=1411"},"modified":"2025-12-07T21:46:29","modified_gmt":"2025-12-07T18:46:29","slug":"dc-3-baskili-kupa","status":"publish","type":"product","link":"https:\/\/shop.msomuseum.com\/en\/product\/dc-3-baskili-kupa\/","title":{"rendered":"DC-3 Designed Mug"},"content":{"rendered":"<ul>\n<li>DC-3 Designed Mug<\/li>\n<li>Renk : Beyaz, K\u0131rm\u0131z\u0131<\/li>\n<li>Kupa: \u00c7evresi : 23,5 cm | \u00c7ap\u0131: 7 cm | Y\u00fckseklik: 10,5 cm<\/li>\n<li>Bask\u0131 Alan\u0131 Ebat\u0131: 5*19 cm<\/li>\n<li>\u00dcr\u00fcn \u00d6zelli\u011fi: Seramiktir. Porselen kar\u0131\u015f\u0131m\u0131d\u0131r.<\/li>\n<li>Packaging: Box<\/li>\n<\/ul>\n<p>It is recommended to wash by hand for long life.<\/p>","protected":false},"excerpt":{"rendered":"<ul>\n<li>DC-3 Designed Mug<\/li>\n<li>Renk : Beyaz, K\u0131rm\u0131z\u0131<\/li>\n<li>Kupa: \u00c7evresi : 23,5 cm | \u00c7ap\u0131: 7 cm | Y\u00fckseklik: 10,5 cm<\/li>\n<li>Bask\u0131 Alan\u0131 Ebat\u0131: 5*19 cm<\/li>\n<li>\u00dcr\u00fcn \u00d6zelli\u011fi: Seramiktir. Porselen kar\u0131\u015f\u0131m\u0131d\u0131r.<\/li>\n<li>Packaging: Box<\/li>\n<\/ul>\n<p>It is recommended to wash by hand for long life.<\/p>","protected":false},"featured_media":3904,"comment_status":"open","ping_status":"closed","template":"","meta":[],"product_brand":[],"product_cat":[62],"product_tag":[],"class_list":{"0":"post-1411","1":"product","2":"type-product","3":"status-publish","4":"has-post-thumbnail","6":"product_cat-kupa","7":"product_shipping_class-kupa","9":"first","10":"outofstock","11":"shipping-taxable","12":"purchasable","13":"product-type-simple"},"_links":{"self":[{"href":"https:\/\/shop.msomuseum.com\/en\/wp-json\/wp\/v2\/product\/1411"}],"collection":[{"href":"https:\/\/shop.msomuseum.com\/en\/wp-json\/wp\/v2\/product"}],"about":[{"href":"https:\/\/shop.msomuseum.com\/en\/wp-json\/wp\/v2\/types\/product"}],"replies":[{"embeddable":true,"href":"https:\/\/shop.msomuseum.com\/en\/wp-json\/wp\/v2\/comments?post=1411"}],"wp:featuredmedia":[{"embeddable":true,"href":"https:\/\/shop.msomuseum.com\/en\/wp-json\/wp\/v2\/media\/3904"}],"wp:attachment":[{"href":"https:\/\/shop.msomuseum.com\/en\/wp-json\/wp\/v2\/media?parent=1411"}],"wp:term":[{"taxonomy":"product_brand","embeddable":true,"href":"https:\/\/shop.msomuseum.com\/en\/wp-json\/wp\/v2\/product_brand?post=1411"},{"taxonomy":"product_cat","embeddable":true,"href":"https:\/\/shop.msomuseum.com\/en\/wp-json\/wp\/v2\/product_cat?post=1411"},{"taxonomy":"product_tag","embeddable":true,"href":"https:\/\/shop.msomuseum.com\/en\/wp-json\/wp\/v2\/product_tag?post=1411"}],"curies":[{"name":"wp","href":"https:\/\/api.w.org\/{rel}","templated":true}]}}