{"id":1246,"date":"2020-04-04T03:08:16","date_gmt":"2020-04-04T00:08:16","guid":{"rendered":"https:\/\/shop.msomuseum.com\/?post_type=product&#038;p=1246"},"modified":"2025-07-03T09:31:54","modified_gmt":"2025-07-03T06:31:54","slug":"ferocious-frankie-tasarimli-baskili-kupa","status":"publish","type":"product","link":"https:\/\/shop.msomuseum.com\/en\/product\/ferocious-frankie-tasarimli-baskili-kupa\/","title":{"rendered":"Ferocious Frankie Designed Mug"},"content":{"rendered":"<ul>\n<li>P-51D Mustang Tasar\u0131ml\u0131 Bask\u0131l\u0131 Kupa<\/li>\n<li>Renk : Beyaz, Siyah<\/li>\n<li>Kupa: \u00c7evresi : 23,5 cm | \u00c7ap\u0131: 7 cm | Y\u00fckseklik: 10,5 cm<\/li>\n<li>Bask\u0131 Alan\u0131 Ebat\u0131: 5*19 cm<\/li>\n<li>\u00dcr\u00fcn \u00d6zelli\u011fi: Seramiktir. Porselen kar\u0131\u015f\u0131m\u0131d\u0131r.<\/li>\n<li>Packaging: Box<\/li>\n<\/ul>\n<p>It is recommended to wash by hand for long life.<\/p>","protected":false},"excerpt":{"rendered":"<ul>\n<li>P-51D Mustang Tasar\u0131ml\u0131 Bask\u0131l\u0131 Kupa<\/li>\n<li>Renk : Beyaz, Siyah<\/li>\n<li>Kupa: \u00c7evresi : 23,5 cm | \u00c7ap\u0131: 7 cm | Y\u00fckseklik: 10,5 cm<\/li>\n<li>Bask\u0131 Alan\u0131 Ebat\u0131: 5*19 cm<\/li>\n<li>\u00dcr\u00fcn \u00d6zelli\u011fi: Seramiktir. Porselen kar\u0131\u015f\u0131m\u0131d\u0131r.<\/li>\n<li>Packaging: Box<\/li>\n<\/ul>\n<p>It is recommended to wash by hand for long life.<\/p>","protected":false},"featured_media":3307,"comment_status":"open","ping_status":"closed","template":"","meta":[],"product_brand":[],"product_cat":[62],"product_tag":[],"class_list":{"0":"post-1246","1":"product","2":"type-product","3":"status-publish","4":"has-post-thumbnail","6":"product_cat-kupa","7":"product_shipping_class-kupa","9":"first","10":"outofstock","11":"shipping-taxable","12":"purchasable","13":"product-type-simple"},"_links":{"self":[{"href":"https:\/\/shop.msomuseum.com\/en\/wp-json\/wp\/v2\/product\/1246"}],"collection":[{"href":"https:\/\/shop.msomuseum.com\/en\/wp-json\/wp\/v2\/product"}],"about":[{"href":"https:\/\/shop.msomuseum.com\/en\/wp-json\/wp\/v2\/types\/product"}],"replies":[{"embeddable":true,"href":"https:\/\/shop.msomuseum.com\/en\/wp-json\/wp\/v2\/comments?post=1246"}],"wp:featuredmedia":[{"embeddable":true,"href":"https:\/\/shop.msomuseum.com\/en\/wp-json\/wp\/v2\/media\/3307"}],"wp:attachment":[{"href":"https:\/\/shop.msomuseum.com\/en\/wp-json\/wp\/v2\/media?parent=1246"}],"wp:term":[{"taxonomy":"product_brand","embeddable":true,"href":"https:\/\/shop.msomuseum.com\/en\/wp-json\/wp\/v2\/product_brand?post=1246"},{"taxonomy":"product_cat","embeddable":true,"href":"https:\/\/shop.msomuseum.com\/en\/wp-json\/wp\/v2\/product_cat?post=1246"},{"taxonomy":"product_tag","embeddable":true,"href":"https:\/\/shop.msomuseum.com\/en\/wp-json\/wp\/v2\/product_tag?post=1246"}],"curies":[{"name":"wp","href":"https:\/\/api.w.org\/{rel}","templated":true}]}}